{"id":1470,"date":"2025-04-15T11:10:27","date_gmt":"2025-04-15T09:10:27","guid":{"rendered":"https:\/\/pysslingen.se\/djurgardsvyn\/?page_id=1470"},"modified":"2025-04-15T11:15:26","modified_gmt":"2025-04-15T09:15:26","slug":"simskola","status":"publish","type":"page","link":"https:\/\/pysslingen.se\/djurgardsvyn\/simskola\/","title":{"rendered":"Simskola p\u00e5 Pysslingen Djurg\u00e5rdsvyn"},"content":{"rendered":"\n\t\n\t\n\t\n\n\t\n\t\n\t\t\n<section  class=\"c-block l-stacked  \" data-color-scheme=\"nyans2_av_cta-hover-standard\">\n\t<div class=\"ams-fifty ams-fifty--container ams-fifty--right ams-fifty--bottom l-container u-pt-fluid-2xl-4xl u-pb-fluid-2xl-4xl\">\n\t\t<div class=\"ams-fifty__content l-stack l-stack-xl is-left is-left@lg\">\n\t\t\t<div class=\"ams-fifty__text l-stack l-stack-lg\">\n\t\t\t\t\t\n\t<h1\n\tclass=\"c-heading u-font-title-1 \"\n\tstyle=\"\">\n\t\t\n\t\t\t\t\t\t\t\t\tHur fungerar simskola i f\u00f6rskolan?\n\t\t\t\t<span class=\"c-heading__sub is-below u-font-title-3\">\n\t\t\t\t\tPysslingen Djurg\u00e5rdsvyn\n\t\t\t\t<\/span>\n\t\t\t\t\t\t\t\n\t<\/h1>\n\n\t\t\t\t\t\t\t\t\t<div class=\"text l-stack u-font-body\">\n\t\t\t\t\t\t<p>Hos Pysslingen Djurg\u00e5rdsvyn f\u00e5r barnen\u00a0 m\u00f6jlighet att tr\u00e4na vattenvana och l\u00e4ra sig simningens grunder i en trygg och lekfull milj\u00f6. Simskolan \u00e4r en del av v\u00e5rt h\u00e4lsofr\u00e4mjande \u201dSista \u00e5ret\u201d-koncept f\u00f6r de \u00e4ldsta barnen och syftar till att \u00f6ka simkunnigheten och s\u00e4kerheten i vattnet. Under \u00e5tta tillf\u00e4llen per \u00e5r leds undervisningen av utbildade instrukt\u00f6rer, med st\u00f6d av v\u00e5ra pedagoger som finns med vid bass\u00e4ngkanten f\u00f6r att skapa en trygg upplevelse.<\/p>\n\n\t\t\t\t\t<\/div>\n\t\t\t\t\t\t\t<\/div>\n\n\t\t\t\t\t<\/div>\n\n\t\t <div class=\"ams-fifty__media u-ratio-landscape\">\n\t\t \t\t\t\t\t<img decoding=\"async\" width=\"600\" height=\"450\" src=\"https:\/\/pysslingen.se\/wp-content\/uploads\/sites\/34\/2024\/09\/simma-600x450.jpg\" class=\"attachment-md size-md\" alt=\"Barn simmar under vattnet.\" sizes=\"(min-width: 64em) 600px, calc(100vw - 160px)\" srcset=\"https:\/\/pysslingen.se\/wp-content\/uploads\/sites\/34\/2024\/09\/simma-600x450.jpg 600w, https:\/\/pysslingen.se\/wp-content\/uploads\/sites\/34\/2024\/09\/simma-300x225.jpg 300w, https:\/\/pysslingen.se\/wp-content\/uploads\/sites\/34\/2024\/09\/simma-400x300.jpg 400w, https:\/\/pysslingen.se\/wp-content\/uploads\/sites\/34\/2024\/09\/simma-800x600.jpg 800w, https:\/\/pysslingen.se\/wp-content\/uploads\/sites\/34\/2024\/09\/simma-1024x768.jpg 1024w, https:\/\/pysslingen.se\/wp-content\/uploads\/sites\/34\/2024\/09\/simma-1200x900.jpg 1200w, https:\/\/pysslingen.se\/wp-content\/uploads\/sites\/34\/2024\/09\/simma-768x576.jpg 768w, https:\/\/pysslingen.se\/wp-content\/uploads\/sites\/34\/2024\/09\/simma.jpg 1890w\" \/>\n\t\t\t\n\t\t\t\n\t\t\t\t\t<\/div>\n\t<\/div>\n\n\t\t\n\n<\/section>\n\n\n\n\t\n\t\n\t\n\n\t\n\t\n\t\t\n<section  class=\"c-block l-stacked  \" data-color-scheme=\"nyans2_av_cta-hover-standard\">\n\t<div class=\"ams-fifty ams-fifty--container ams-fifty--left ams-fifty--bottom l-container u-pt-fluid-2xl-4xl u-pb-fluid-2xl-4xl\">\n\t\t<div class=\"ams-fifty__content l-stack l-stack-xl is-left is-left@lg\">\n\t\t\t<div class=\"ams-fifty__text l-stack l-stack-lg\">\n\t\t\t\t\t\n\t<h2\n\tclass=\"c-heading u-font-title-1 \"\n\tstyle=\"\">\n\t\t\n\t\t\t\t\tOm f\u00f6rskolan Pysslingen Djurg\u00e5rdsvyn\n\t\t\t\t\n\t<\/h2>\n\n\t\t\t\t\t\t\t\t\t<div class=\"text l-stack u-font-body\">\n\t\t\t\t\t\t<p class=\"\" data-start=\"101\" data-end=\"494\">Pysslingen Djurg\u00e5rdsvyn ligger i Norra Djurg\u00e5rdsstaden med n\u00e4rhet till b\u00e5de stadens puls och gr\u00f6nomr\u00e5den. I v\u00e5ra ljusa och moderna lokaler erbjuder vi en trygg och inspirerande milj\u00f6 d\u00e4r barnen f\u00e5r k\u00e4nna att de kan, vill och v\u00e5gar l\u00e4ra. H\u00e5llbarhet \u00e4r en viktig del av v\u00e5r vardag och genomsyrar verksamheten, fr\u00e5n odling och \u00e5tervinning till v\u00e4rdegrundsarbete, normkritik och yoga.<\/p>\n<p class=\"\" data-start=\"496\" data-end=\"529\">Varmt v\u00e4lkomna till Djurg\u00e5rdsvyn!<\/p>\n\n\t\t\t\t\t<\/div>\n\t\t\t\t\t\t\t<\/div>\n\n\t\t\t\t\t<\/div>\n\n\t\t <div class=\"ams-fifty__media u-ratio-landscape\">\n\t\t \t\t\t\t\t<img decoding=\"async\" width=\"600\" height=\"400\" src=\"https:\/\/pysslingen.se\/wp-content\/uploads\/sites\/34\/2025\/04\/lekautomhusdjurgardsvyn-600x400.jpg\" class=\"attachment-md size-md\" alt=\"Barn leker med vatten utomhus.\" sizes=\"(min-width: 64em) 600px, calc(100vw - 160px)\" srcset=\"https:\/\/pysslingen.se\/wp-content\/uploads\/sites\/34\/2025\/04\/lekautomhusdjurgardsvyn-600x400.jpg 600w, https:\/\/pysslingen.se\/wp-content\/uploads\/sites\/34\/2025\/04\/lekautomhusdjurgardsvyn-300x200.jpg 300w, https:\/\/pysslingen.se\/wp-content\/uploads\/sites\/34\/2025\/04\/lekautomhusdjurgardsvyn-400x267.jpg 400w, https:\/\/pysslingen.se\/wp-content\/uploads\/sites\/34\/2025\/04\/lekautomhusdjurgardsvyn-800x533.jpg 800w, https:\/\/pysslingen.se\/wp-content\/uploads\/sites\/34\/2025\/04\/lekautomhusdjurgardsvyn-1024x683.jpg 1024w, https:\/\/pysslingen.se\/wp-content\/uploads\/sites\/34\/2025\/04\/lekautomhusdjurgardsvyn-1200x800.jpg 1200w, https:\/\/pysslingen.se\/wp-content\/uploads\/sites\/34\/2025\/04\/lekautomhusdjurgardsvyn.jpg 1500w\" \/>\n\t\t\t\n\t\t\t\n\t\t\t\t\t<\/div>\n\t<\/div>\n\n\t\t\n\n<\/section>\n\n\n\n\n<section  class=\"ams-cta ams-cta--stacked c-block l-stacked\" data-color-scheme=\"usp-pink-background-blue-cards\">\n\t<div class=\"l-container l-stack l-stack-fluid-2xl u-pt-fluid-2xl-4xl u-pb-fluid-2xl-4xl is-center is-center@md\">\n\t\t\t\t\t<div class=\"ams-cta__intro l-stack l-stack-lg\">\n\t\t\t\t\t\n\t<h2\n\tclass=\"c-heading u-font-title-1 \"\n\tstyle=\"\">\n\t\t\n\t\t\t\t\tAns\u00f6k till f\u00f6rskolan\n\t\t\t\t\n\t<\/h2>\n\n\t\t\t\t\t\t\t\t\t<div class=\"c-text l-stack u-cs-xl u-font-body\">\n\t\t\t\t\t\t<p style=\"text-align: center;\">Vill du ans\u00f6ka om f\u00f6rskoleplats p\u00e5 Pysslingen Djurg\u00e5rdsvyn?\u00a0F\u00f6rskolan ing\u00e5r i Stockholms Stads gemensamma k\u00f6 och f\u00f6ljer samma regler. P\u00e5 stadens <a href=\"https:\/\/forskola.stockholm\/\"><span class=\"s1\">webbsida<\/span><\/a> kan du l\u00e4sa mer. Eller genom att klicka p\u00e5 knappen nedan.<\/p>\n<p class=\"p1\" style=\"text-align: center;\">Om du vill ha hj\u00e4lp med att st\u00e4lla ditt barn i k\u00f6 kan du kontakta Stadens Kontaktcenter p\u00e5\u00a0<a href=\"tel:08-508%2000%20508\"><span class=\"s1\">08-508 00 508<\/span><\/a>. Har du fr\u00e5gor \u00e4r du v\u00e4lkommen att kontakta oss.<\/p>\n\n\t\t\t\t\t<\/div>\n\t\t\t\t\t\t\t<\/div>\n\t\t\n\t\t\n\t\t\t<div class=\"ams-cta__action u-inline-items\">\n\t\t\t\t\t\t\t\n\n\n<a href=\"https:\/\/forskola.stockholm\/hitta-forskola\/\"\n\t\n\tclass=\"c-btn \"\n\tdata-style=\"rounded\"\n\tdata-size=\"md\"\n\tdata-width=\"full-mobile\"\n\tdata-variant=\"default\"\n\ttarget=\"_self\">\n\t\t\t<span class=\"label\"> Till k\u00f6anm\u00e4lan<\/span>\n\t\t\t<\/a>\n\t\t\t<\/div>\n\t<\/div>\n\n\t\t\n\n<\/section>\n\n\n\n<section \n\t\t class=\"\n\t\t ams-contact\n\t\t \n\t\t c-block l-stacked\n\t\t \n\t\t \n\t\t js-load-more\n\t\t \"\n\t\t data-color-scheme=\"\"\n\t\t\t\t\tdata-count=\"3\"\n\t\t\t\t\t\t\tdata-count-mobile=\"2\"\n\t\t\t\t>\n\t<div\n\t\t class=\"\n\t\t l-container\n\t\t l-stack l-stack-fluid-2xl\n\t\t u-pt-fluid-md-xl\n\t\t u-pb-fluid-md-xl\n\t\t is-center\n\t\t is-center@md\n\t\t \">\n\t\t\t\t\t<div class=\"ams-contact__intro l-stack l-stack-lg\">\n\t\t\t\t\t\n\t<h2\n\tclass=\"c-heading u-font-title-1 \"\n\tstyle=\"\">\n\t\t\n\t\t\t\t\tKontakta oss:\n\t\t\t\t\n\t<\/h2>\n\n\t\t\t\t\t\t\t<\/div>\n\t\t\n\t\t\n\t\t    \t\n\t\t\n\t\t<ul\n\t\t\tid=\"contact-grid-69e19ea0efbcc\"\n\t\t\tclass=\"ams-contact__list l-grid u-gap-fluid-2xl-4xl u-justify-center js-results \"\n\t\t\taria-label=\"Kontakter\"\n\t\t\tdata-filter-animation=\"off\"\n\t\t\t>\n\t\t\t\t\t\t\t\t\t\t\t\n\t\t\t\t\n\t\t\t\t<li class=\"l-col-6@md l-col-4@lg \" data-filter=\"ledning\">\n\t\t\t\t\t<article class=\"c-card \" data-variant=\"neutral\">\n\t\t\t\t\t\t<div class=\"c-card__content u-text-center\">\n\t\t\t\t\t\t\t\t\t\t\t\t\t\t\t<h3 class=\"c-card__title u-font-title-3\">\n\t\t\t\t\t\t\t\t\tJenny Stare\n\t\t\t\t\t\t\t\t<\/h3>\n\t\t\t\t\t\t\t\n\t\t\t\t\t\t\t\t\t\t\t\t\t\t\t<p class=\"position u-font-body\">Rektor<\/p>\n\t\t\t\t\t\t\t\n\t\t\t\t\t\t\t\t\t\t\t\t\t\t\t<div class=\"contact-info u-font-body\">\n\t\t\t\t\t\t\t\t\t\t\t\t\t\t\t\t\t\t\t\t\t\t\t\t\t\t\t\t\t\t<p class=\"phone\"><a\n\t\t\t\t\t\t\t\t\t\t\t\t\thref=\"tel:0761083035\"\n\t\t\t\t\t\t\t\t\t\t\t\t\tclass=\"u-text-link\">076-108 30 35<\/a>\n\t\t\t\t\t\t\t\t\t\t\t<\/p>\n\t\t\t\t\t\t\t\t\t\t\t\t\t\t\t\t\t\t\t\n\t\t\t\t\t\t\t\t\t\t\t\t\t\t\t\t\t\t\t\t\t\t\t\t\t\t\t\t\t\t<p class=\"email\"><a\n\t\t\t\t\t\t\t\t\t\t\t\t\thref=\"&#109;&#097;&#105;l&#116;o&#058;je&#110;ny&#046;stare&#064;&#112;ys&#115;&#108;&#105;n&#103;&#101;&#110;&#046;se\"\n\t\t\t\t\t\t\t\t\t\t\t\t\tclass=\"u-text-link\">&#106;&#101;n&#110;&#121;.&#115;t&#097;re&#064;p&#121;ss&#108;&#105;ng&#101;n.se<\/a>\n\t\t\t\t\t\t\t\t\t\t\t<\/p>\n\t\t\t\t\t\t\t\t\t\t\t\t\t\t\t\t\t\t\t\t\t\t\t\t\t\t\t<\/div>\n\t\t\t\t\t\t\t\n\t\t\t\t\t\t\t\t\t\t\t\t\t<\/div>\n\t\t\t\t\t\t<div class=\"c-card__media\">\n\t\t\t\t\t\t\t\t\t\t\t\t\t\t\t\t\t\t\t\t\t\t\t\t\t\t\t\t\t\t\t\t\t\t\t\t\t\t\t\t\t\t\t\t\t\t\t\t\t<img decoding=\"async\" width=\"400\" height=\"314\" src=\"https:\/\/pysslingen.se\/wp-content\/uploads\/sites\/34\/2023\/03\/rektor-jenny-400x314.jpg\" class=\"u-radius-rounded u-ratio-landscape  \" alt=\"Portr\u00e4ttbild av rektor\" sizes=\"(max-width: 300px) 100vw, 300px\" srcset=\"https:\/\/pysslingen.se\/wp-content\/uploads\/sites\/34\/2023\/03\/rektor-jenny-400x314.jpg 400w, https:\/\/pysslingen.se\/wp-content\/uploads\/sites\/34\/2023\/03\/rektor-jenny-300x235.jpg 300w, https:\/\/pysslingen.se\/wp-content\/uploads\/sites\/34\/2023\/03\/rektor-jenny-600x470.jpg 600w, https:\/\/pysslingen.se\/wp-content\/uploads\/sites\/34\/2023\/03\/rektor-jenny-800x627.jpg 800w, https:\/\/pysslingen.se\/wp-content\/uploads\/sites\/34\/2023\/03\/rektor-jenny-1024x803.jpg 1024w, https:\/\/pysslingen.se\/wp-content\/uploads\/sites\/34\/2023\/03\/rektor-jenny-1200x941.jpg 1200w\" \/>\n\t\t\t\t\t\t<\/div>\n\t\t\t\t\t<\/article>\n\t\t\t\t<\/li>\n\t\t\t\t\t<\/ul>\n\n\t\t\n\t\t    <div class=\"ams-contact__more u-inline-items js-load-more-btn\">\n        <button href=\"#\"\n                class=\"c-btn\"\n                data-style=\"rounded\"\n                data-size=\"md\"\n                data-width=\"full-mobile\"\n                data-variant=\"outline\">\n        \tVisa mer\n        <\/button>\n    <\/div>\n\n\t\t\t<\/div>\n\n\t\t\n\n<\/section>\n\n\n\n\n<section  class=\"ams-cta ams-cta--stacked c-block l-stacked\">\n\t<div class=\"l-container l-stack l-stack-fluid-2xl u-pt-fluid-md-xl u-pb-fluid-md-xl is-center is-center@md\">\n\t\t\t\t\t<div class=\"ams-cta__intro l-stack l-stack-lg\">\n\t\t\t\t\t\n\t<h2\n\tclass=\"c-heading u-font-title-1 \"\n\tstyle=\"\">\n\t\t\n\t\t\t\t\tMer om f\u00f6rskolan Djurg\u00e5rsvyn\n\t\t\t\t\n\t<\/h2>\n\n\t\t\t\t\t\t\t<\/div>\n\t\t\n\t\t\n\t\t\t<div class=\"ams-cta__action u-inline-items\">\n\t\t\t\t\t\t\t\n\n\n<a href=\"https:\/\/pysslingen.se\/djurgardsvyn\/om-forskolan\/\"\n\t\n\tclass=\"c-btn \"\n\tdata-style=\"rounded\"\n\tdata-size=\"md\"\n\tdata-width=\"full-mobile\"\n\tdata-variant=\"default\"\n\ttarget=\"_self\">\n\t\t\t<span class=\"label\"> L\u00e4s mer om oss<\/span>\n\t\t\t<\/a>\n\t\t\t<\/div>\n\t<\/div>\n\n\t\t\n\n<\/section>\n","protected":false},"excerpt":{"rendered":"","protected":false},"author":99,"featured_media":0,"parent":0,"menu_order":0,"comment_status":"closed","ping_status":"closed","template":"","meta":{"footnotes":""},"yoast_head":"<!-- This site is optimized with the Yoast SEO plugin v22.0 - https:\/\/yoast.com\/wordpress\/plugins\/seo\/ -->\n<title>Djurg\u00e5rdsvyn<\/title>\n<meta name=\"robots\" content=\"index, follow, max-snippet:-1, max-image-preview:large, max-video-preview:-1\" \/>\n<link rel=\"canonical\" href=\"https:\/\/pysslingen.se\/djurgardsvyn\/simskola\/\" \/>\n<meta property=\"og:locale\" content=\"sv_SE\" \/>\n<meta property=\"og:type\" content=\"article\" \/>\n<meta property=\"og:url\" content=\"https:\/\/pysslingen.se\/djurgardsvyn\/simskola\/\" \/>\n<meta property=\"og:site_name\" content=\"Djurg\u00e5rdsvyn\" \/>\n<meta property=\"article:modified_time\" content=\"2025-04-15T09:15:26+00:00\" \/>\n<meta name=\"twitter:card\" content=\"summary_large_image\" \/>\n<script type=\"application\/ld+json\" class=\"yoast-schema-graph\">{\"@context\":\"https:\/\/schema.org\",\"@graph\":[{\"@type\":\"WebPage\",\"@id\":\"https:\/\/pysslingen.se\/djurgardsvyn\/simskola\/\",\"url\":\"https:\/\/pysslingen.se\/djurgardsvyn\/simskola\/\",\"name\":\"Simskola p\u00e5 Pysslingen Djurg\u00e5rdsvyn - Djurg\u00e5rdsvyn\",\"isPartOf\":{\"@id\":\"https:\/\/pysslingen.se\/djurgardsvyn\/#website\"},\"datePublished\":\"2025-04-15T09:10:27+00:00\",\"dateModified\":\"2025-04-15T09:15:26+00:00\",\"breadcrumb\":{\"@id\":\"https:\/\/pysslingen.se\/djurgardsvyn\/simskola\/#breadcrumb\"},\"inLanguage\":\"sv-SE\",\"potentialAction\":[{\"@type\":\"ReadAction\",\"target\":[\"https:\/\/pysslingen.se\/djurgardsvyn\/simskola\/\"]}]},{\"@type\":\"BreadcrumbList\",\"@id\":\"https:\/\/pysslingen.se\/djurgardsvyn\/simskola\/#breadcrumb\",\"itemListElement\":[{\"@type\":\"ListItem\",\"position\":1,\"name\":\"Start\",\"item\":\"https:\/\/pysslingen.se\/djurgardsvyn\/\"},{\"@type\":\"ListItem\",\"position\":2,\"name\":\"Simskola p\u00e5 Pysslingen Djurg\u00e5rdsvyn\"}]},{\"@type\":\"WebSite\",\"@id\":\"https:\/\/pysslingen.se\/djurgardsvyn\/#website\",\"url\":\"https:\/\/pysslingen.se\/djurgardsvyn\/\",\"name\":\"Djurg\u00e5rdsvyn\",\"description\":\"En trygg och stimulerande v\u00e4rld\",\"publisher\":{\"@id\":\"https:\/\/pysslingen.se\/djurgardsvyn\/#organization\"},\"potentialAction\":[{\"@type\":\"SearchAction\",\"target\":{\"@type\":\"EntryPoint\",\"urlTemplate\":\"https:\/\/pysslingen.se\/djurgardsvyn\/?s={search_term_string}\"},\"query-input\":\"required name=search_term_string\"}],\"inLanguage\":\"sv-SE\"},{\"@type\":\"Organization\",\"@id\":\"https:\/\/pysslingen.se\/djurgardsvyn\/#organization\",\"name\":\"Pysslingen F\u00f6rskolor\",\"url\":\"https:\/\/pysslingen.se\/djurgardsvyn\/\",\"logo\":{\"@type\":\"ImageObject\",\"inLanguage\":\"sv-SE\",\"@id\":\"https:\/\/pysslingen.se\/djurgardsvyn\/#\/schema\/logo\/image\/\",\"url\":\"https:\/\/pysslingen.se\/wp-content\/uploads\/2021\/05\/pysslingen-forskolor.png\",\"contentUrl\":\"https:\/\/pysslingen.se\/wp-content\/uploads\/2021\/05\/pysslingen-forskolor.png\",\"width\":1120,\"height\":630,\"caption\":\"Pysslingen F\u00f6rskolor\"},\"image\":{\"@id\":\"https:\/\/pysslingen.se\/djurgardsvyn\/#\/schema\/logo\/image\/\"}}]}<\/script>\n<!-- \/ Yoast SEO plugin. -->","yoast_head_json":{"title":"Djurg\u00e5rdsvyn","robots":{"index":"index","follow":"follow","max-snippet":"max-snippet:-1","max-image-preview":"max-image-preview:large","max-video-preview":"max-video-preview:-1"},"canonical":"https:\/\/pysslingen.se\/djurgardsvyn\/simskola\/","og_locale":"sv_SE","og_type":"article","og_url":"https:\/\/pysslingen.se\/djurgardsvyn\/simskola\/","og_site_name":"Djurg\u00e5rdsvyn","article_modified_time":"2025-04-15T09:15:26+00:00","twitter_card":"summary_large_image","schema":{"@context":"https:\/\/schema.org","@graph":[{"@type":"WebPage","@id":"https:\/\/pysslingen.se\/djurgardsvyn\/simskola\/","url":"https:\/\/pysslingen.se\/djurgardsvyn\/simskola\/","name":"Simskola p\u00e5 Pysslingen Djurg\u00e5rdsvyn - Djurg\u00e5rdsvyn","isPartOf":{"@id":"https:\/\/pysslingen.se\/djurgardsvyn\/#website"},"datePublished":"2025-04-15T09:10:27+00:00","dateModified":"2025-04-15T09:15:26+00:00","breadcrumb":{"@id":"https:\/\/pysslingen.se\/djurgardsvyn\/simskola\/#breadcrumb"},"inLanguage":"sv-SE","potentialAction":[{"@type":"ReadAction","target":["https:\/\/pysslingen.se\/djurgardsvyn\/simskola\/"]}]},{"@type":"BreadcrumbList","@id":"https:\/\/pysslingen.se\/djurgardsvyn\/simskola\/#breadcrumb","itemListElement":[{"@type":"ListItem","position":1,"name":"Start","item":"https:\/\/pysslingen.se\/djurgardsvyn\/"},{"@type":"ListItem","position":2,"name":"Simskola p\u00e5 Pysslingen Djurg\u00e5rdsvyn"}]},{"@type":"WebSite","@id":"https:\/\/pysslingen.se\/djurgardsvyn\/#website","url":"https:\/\/pysslingen.se\/djurgardsvyn\/","name":"Djurg\u00e5rdsvyn","description":"En trygg och stimulerande v\u00e4rld","publisher":{"@id":"https:\/\/pysslingen.se\/djurgardsvyn\/#organization"},"potentialAction":[{"@type":"SearchAction","target":{"@type":"EntryPoint","urlTemplate":"https:\/\/pysslingen.se\/djurgardsvyn\/?s={search_term_string}"},"query-input":"required name=search_term_string"}],"inLanguage":"sv-SE"},{"@type":"Organization","@id":"https:\/\/pysslingen.se\/djurgardsvyn\/#organization","name":"Pysslingen F\u00f6rskolor","url":"https:\/\/pysslingen.se\/djurgardsvyn\/","logo":{"@type":"ImageObject","inLanguage":"sv-SE","@id":"https:\/\/pysslingen.se\/djurgardsvyn\/#\/schema\/logo\/image\/","url":"https:\/\/pysslingen.se\/wp-content\/uploads\/2021\/05\/pysslingen-forskolor.png","contentUrl":"https:\/\/pysslingen.se\/wp-content\/uploads\/2021\/05\/pysslingen-forskolor.png","width":1120,"height":630,"caption":"Pysslingen F\u00f6rskolor"},"image":{"@id":"https:\/\/pysslingen.se\/djurgardsvyn\/#\/schema\/logo\/image\/"}}]}},"_links":{"self":[{"href":"https:\/\/pysslingen.se\/djurgardsvyn\/wp-json\/wp\/v2\/pages\/1470"}],"collection":[{"href":"https:\/\/pysslingen.se\/djurgardsvyn\/wp-json\/wp\/v2\/pages"}],"about":[{"href":"https:\/\/pysslingen.se\/djurgardsvyn\/wp-json\/wp\/v2\/types\/page"}],"author":[{"embeddable":true,"href":"https:\/\/pysslingen.se\/djurgardsvyn\/wp-json\/wp\/v2\/users\/99"}],"replies":[{"embeddable":true,"href":"https:\/\/pysslingen.se\/djurgardsvyn\/wp-json\/wp\/v2\/comments?post=1470"}],"version-history":[{"count":10,"href":"https:\/\/pysslingen.se\/djurgardsvyn\/wp-json\/wp\/v2\/pages\/1470\/revisions"}],"predecessor-version":[{"id":1481,"href":"https:\/\/pysslingen.se\/djurgardsvyn\/wp-json\/wp\/v2\/pages\/1470\/revisions\/1481"}],"wp:attachment":[{"href":"https:\/\/pysslingen.se\/djurgardsvyn\/wp-json\/wp\/v2\/media?parent=1470"}],"curies":[{"name":"wp","href":"https:\/\/api.w.org\/{rel}","templated":true}]}}