{"id":531,"date":"2020-10-20T14:19:43","date_gmt":"2020-10-20T14:19:43","guid":{"rendered":"https:\/\/pysslingen.se\/blabarsstallet\/?page_id=531"},"modified":"2022-04-27T09:53:38","modified_gmt":"2022-04-27T09:53:38","slug":"hallbarhet","status":"publish","type":"page","link":"https:\/\/pysslingen.se\/blabarsstallet\/hallbarhet\/","title":{"rendered":"H\u00e5llbarhet"},"content":{"rendered":"\n\t<div class=\"module_wrapper ams_remote_pages_module \">\n\t\t\t\t\t\t\t<div class=\"container core-heading\">\n\t\t\t\t\t\t<div class=\"row\">\n\t\t\t\t\t\t\t<div class=\"col-12\">\n\t\t\t\t\t\t\t\t\n<h1 class=\"wp-block-heading\">S\u00e5 arbetar vi med h\u00e5llbarhet<\/h1>\n\t\t\t\t\t\t\t<\/div>\n\t\t\t\t\t\t<\/div>\n\t\t\t\t\t<\/div>\n\t\t\t\t\t\t\t\t\t\t<div class=\"container acf-preamble\">\n\t\t\t\t\t\t<div class=\"row\">\n\t\t\t\t\t\t\t<div class=\"col-12\">\n\t\t\t\t\t\t\t\t\n<p   class=\"site__ingress container text-left  site__text-color--dark  site__free_text--ingress p-0\">\n\tH\u00e5llbarhet \u00e4r en naturlig del av v\u00e5r verksamhet. Hos oss blandas kreativitet och lek med l\u00e4rande och omsorg, b\u00e5de om varandra och om v\u00e5r gemensamma milj\u00f6. Enligt l\u00e4roplanen ska f\u00f6rskolan l\u00e4gga grunden till ett engagemang f\u00f6r h\u00e5llbar utveckling &#8211; milj\u00f6m\u00e4ssig, ekonomisk och social.<\/p>\n\n\n\t\t\t\t\t\t\t<\/div>\n\t\t\t\t\t\t<\/div>\n\t\t\t\t\t<\/div>\n\t\t\t\t\t\n\t\n\t\n\t\n\n\t\n\t\n\t\t\n<section  class=\"c-block l-stacked  \" data-color-scheme=\"nyans2_av_p2-card-bakgrund-hover-standard_standard\">\n\t<div class=\"ams-fifty ams-fifty--container ams-fifty--right ams-fifty--top l-container u-pt-fluid-2xl-4xl u-pb-fluid-2xl-4xl\">\n\t\t<div class=\"ams-fifty__content l-stack l-stack-xl is-left is-left@lg\">\n\t\t\t<div class=\"ams-fifty__text l-stack l-stack-lg\">\n\t\t\t\t\t\n\t<h2\n\tclass=\"c-heading u-font-title-1 \"\n\tstyle=\"\">\n\t\t\n\t\t\t\t\tSocial h\u00e5llbarhet\n\t\t\t\t\n\t<\/h2>\n\n\t\t\t\t\t\t\t\t\t<div class=\"text l-stack u-font-body\">\n\t\t\t\t\t\t<p>Detta \u00e4r grunden f\u00f6r v\u00e5r verksamhet, vi ska ge alla barn en likv\u00e4rdig start i livet. F\u00f6rskolan ska ocks\u00e5 l\u00e4gga grunden f\u00f6r det livsl\u00e5nga l\u00e4randet.<\/p>\n<p>Vi arbetar varje dag f\u00f6r att g\u00f6ra v\u00e4rlden lite mer h\u00e5llbar och f\u00f6r att f\u00f6rskolan ska vara en trygg och stimulerande plats f\u00f6r ditt barn. Vad inneb\u00e4r d\u00e5 det i praktiken? Det handlar om allt ifr\u00e5n h\u00e4lsa och v\u00e4lm\u00e5ende till att ge ditt barn inflytande \u00f6ver vad det ska leka med f\u00f6r stunden. Det kan ocks\u00e5 vara att vi firar midsommar tillsammans p\u00e5 f\u00f6rskolan eller pratar med barnen om hur man \u00e4r en bra kompis och l\u00f6ser konflikter som uppst\u00e5r.<\/p>\n\n\t\t\t\t\t<\/div>\n\t\t\t\t\t\t\t<\/div>\n\n\t\t\t\t\t<\/div>\n\n\t\t <div class=\"ams-fifty__media u-ratio-landscape\">\n\t\t \t\t\t\t\t<img decoding=\"async\" width=\"600\" height=\"536\" src=\"https:\/\/pysslingen.se\/wp-content\/uploads\/2020\/10\/glada-flickor.jpg\" class=\"attachment-md size-md\" alt=\"tv\u00e5 skrattande barn h\u00e5ller om varandra inne p\u00e5 f\u00f6rskolan\" sizes=\"(min-width: 64em) 600px, calc(100vw - 160px)\" srcset=\"https:\/\/pysslingen.se\/wp-content\/uploads\/2020\/10\/glada-flickor.jpg 1100w, https:\/\/pysslingen.se\/wp-content\/uploads\/2020\/10\/glada-flickor-300x268.jpg 300w, https:\/\/pysslingen.se\/wp-content\/uploads\/2020\/10\/glada-flickor-1024x915.jpg 1024w, https:\/\/pysslingen.se\/wp-content\/uploads\/2020\/10\/glada-flickor-768x686.jpg 768w, https:\/\/pysslingen.se\/wp-content\/uploads\/2020\/10\/glada-flickor-500x447.jpg 500w, https:\/\/pysslingen.se\/wp-content\/uploads\/2020\/10\/glada-flickor-256x229.jpg 256w, https:\/\/pysslingen.se\/wp-content\/uploads\/2020\/10\/glada-flickor-340x304.jpg 340w, https:\/\/pysslingen.se\/wp-content\/uploads\/2020\/10\/glada-flickor-750x670.jpg 750w\" \/>\n\t\t\t\n\t\t\t\n\t\t\t\t\t<\/div>\n\t<\/div>\n\n\t\t\n\n<\/section>\n\n\t\n\t\n\t\n\n\t\n\t\n\t\t\n<section  class=\"c-block l-stacked  \" data-color-scheme=\"\">\n\t<div class=\"ams-fifty ams-fifty--container ams-fifty--left ams-fifty--top l-container u-pt-fluid-3xl-6xl u-pb-fluid-3xl-6xl\">\n\t\t<div class=\"ams-fifty__content l-stack l-stack-xl is-left is-left@lg\">\n\t\t\t<div class=\"ams-fifty__text l-stack l-stack-lg\">\n\t\t\t\t\t\n\t<h2\n\tclass=\"c-heading u-font-title-1 \"\n\tstyle=\"\">\n\t\t\n\t\t\t\t\tEkonomisk h\u00e5llbarhet \n\t\t\t\t\n\t<\/h2>\n\n\t\t\t\t\t\t\t\t\t<div class=\"text l-stack u-font-body\">\n\t\t\t\t\t\t<p>Vi arbetar l\u00f6pande f\u00f6r att minska v\u00e5ra klimatavtryck. Lokaler, resor, ink\u00f6p och mat \u00e4r exempel p\u00e5 omr\u00e5den som \u00e4r viktiga f\u00f6r oss f\u00f6r att minimera den milj\u00f6p\u00e5verkan v\u00e5r verksamhet har. Vi m\u00e5nar om material och l\u00e4rmilj\u00f6er och g\u00f6r medvetna, ansvarsfulla ink\u00f6p.<\/p>\n<p>Math\u00e5llning \u00e4r en viktig del i v\u00e5r utbildning. Vi f\u00f6rs\u00f6ker minimera v\u00e5rt matsvinn och ser m\u00e5ltiden som ett bra tillf\u00e4lle att samtala om fr\u00e5gor som h\u00e5llbarhet och var maten vi \u00e4ter kommer ifr\u00e5n.<\/p>\n\n\t\t\t\t\t<\/div>\n\t\t\t\t\t\t\t<\/div>\n\n\t\t\t\t\t<\/div>\n\n\t\t <div class=\"ams-fifty__media u-ratio-landscape\">\n\t\t \t\t\t\t\t<img decoding=\"async\" width=\"600\" height=\"599\" src=\"https:\/\/pysslingen.se\/wp-content\/uploads\/2020\/09\/barn-i-vagnar-i-naturen.jpg\" class=\"attachment-md size-md\" alt=\"barn i vagnar i naturen\" sizes=\"(min-width: 64em) 600px, calc(100vw - 160px)\" srcset=\"https:\/\/pysslingen.se\/wp-content\/uploads\/2020\/09\/barn-i-vagnar-i-naturen.jpg 640w, https:\/\/pysslingen.se\/wp-content\/uploads\/2020\/09\/barn-i-vagnar-i-naturen-300x300.jpg 300w, https:\/\/pysslingen.se\/wp-content\/uploads\/2020\/09\/barn-i-vagnar-i-naturen-150x150.jpg 150w, https:\/\/pysslingen.se\/wp-content\/uploads\/2020\/09\/barn-i-vagnar-i-naturen-100x100.jpg 100w\" \/>\n\t\t\t\n\t\t\t\n\t\t\t\t\t<\/div>\n\t<\/div>\n\n\t\t\n\n<\/section>\n\n\t\n\t\n\t\n\n\t\n\t\n\t\t\n<section  class=\"c-block l-stacked  \" data-color-scheme=\"nyans2_av_p2-card-bakgrund-hover-standard_standard\">\n\t<div class=\"ams-fifty ams-fifty--container ams-fifty--right ams-fifty--top l-container u-pt-fluid-2xl-4xl u-pb-fluid-2xl-4xl\">\n\t\t<div class=\"ams-fifty__content l-stack l-stack-xl is-left is-left@lg\">\n\t\t\t<div class=\"ams-fifty__text l-stack l-stack-lg\">\n\t\t\t\t\t\n\t<h2\n\tclass=\"c-heading u-font-title-1 \"\n\tstyle=\"\">\n\t\t\n\t\t\t\t\tEkologisk h\u00e5llbarhet \n\t\t\t\t\n\t<\/h2>\n\n\t\t\t\t\t\t\t\t\t<div class=\"text l-stack u-font-body\">\n\t\t\t\t\t\t<p>St\u00f6rst effekt p\u00e5 det h\u00e5llbara samh\u00e4llet har v\u00e5r verksamhet genom att vi i v\u00e5r utbildning hj\u00e4lper barnen att bygga en h\u00e5llbar relation till natur, milj\u00f6 och samh\u00e4lle. Vi ska l\u00e4ra barnen att g\u00f6ra medvetna val nu och i framtiden. Varje \u00e5r, i samband med internationella v\u00e4rldsmilj\u00f6dagen, har vi en gemensam h\u00e5llbarhetsdag p\u00e5 v\u00e5ra f\u00f6rskolor d\u00e4r vi belyser h\u00e5llbarhetsfr\u00e5gan lite extra.<\/p>\n<p>Syftet \u00e4r att \u00f6ka medvetenheten om hur vi som individer genom handling kan vara med och bidra till en h\u00e5llbar milj\u00f6, men ocks\u00e5 att manifestera och gemensamt uppm\u00e4rksamma det arbete som p\u00e5g\u00e5r varje dag i v\u00e5ra f\u00f6rskolor.<\/p>\n\n\t\t\t\t\t<\/div>\n\t\t\t\t\t\t\t<\/div>\n\n\t\t\t\t\t<\/div>\n\n\t\t <div class=\"ams-fifty__media u-ratio-landscape\">\n\t\t \t\t\t\t\t<img decoding=\"async\" width=\"600\" height=\"422\" src=\"https:\/\/pysslingen.se\/wp-content\/uploads\/2022\/04\/odlingsgladje-r.jpg\" class=\"attachment-md size-md\" alt=\"barn och pedagog sk\u00f6rdar i odlingsl\u00e5dor\" sizes=\"(min-width: 64em) 600px, calc(100vw - 160px)\" srcset=\"https:\/\/pysslingen.se\/wp-content\/uploads\/2022\/04\/odlingsgladje-r.jpg 1000w, https:\/\/pysslingen.se\/wp-content\/uploads\/2022\/04\/odlingsgladje-r-300x211.jpg 300w, https:\/\/pysslingen.se\/wp-content\/uploads\/2022\/04\/odlingsgladje-r-768x540.jpg 768w, https:\/\/pysslingen.se\/wp-content\/uploads\/2022\/04\/odlingsgladje-r-500x352.jpg 500w, https:\/\/pysslingen.se\/wp-content\/uploads\/2022\/04\/odlingsgladje-r-326x229.jpg 326w, https:\/\/pysslingen.se\/wp-content\/uploads\/2022\/04\/odlingsgladje-r-340x239.jpg 340w, https:\/\/pysslingen.se\/wp-content\/uploads\/2022\/04\/odlingsgladje-r-953x670.jpg 953w\" \/>\n\t\t\t\n\t\t\t\n\t\t\t\t\t<\/div>\n\t<\/div>\n\n\t\t\n\n<\/section>\n\n\t\n\t\n\t\n\n\t\n\t\n\t\t\n<section  class=\"c-block l-stacked  \" data-color-scheme=\"\">\n\t<div class=\"ams-fifty ams-fifty--container ams-fifty--left ams-fifty--top l-container u-pt-fluid-2xl-4xl u-pb-fluid-2xl-4xl\">\n\t\t<div class=\"ams-fifty__content l-stack l-stack-xl is-left is-left@lg\">\n\t\t\t<div class=\"ams-fifty__text l-stack l-stack-lg\">\n\t\t\t\t\t\n\t<h2\n\tclass=\"c-heading u-font-title-1 \"\n\tstyle=\"\">\n\t\t\n\t\t\t\t\tH\u00e5llbar f\u00f6rskola\n\t\t\t\t\n\t<\/h2>\n\n\t\t\t\t\t\t\t\t\t<div class=\"text l-stack u-font-body\">\n\t\t\t\t\t\t<p>Pysslingen medverkar i forsknings- och utvecklingsprogrammet H\u00e5llbar f\u00f6rskola tillsammans med <a href=\"https:\/\/www.ifous.se\/\" target=\"_blank\" rel=\"noreferrer noopener\">iFous<\/a>. Syftet med programmet \u00e4r att med st\u00f6d av forskning identifiera effektiva s\u00e4tt att arbeta med hur vi skapar h\u00e5llbara barn och en h\u00e5llbar verksamhet. Programmet ska ocks\u00e5 utg\u00f6ra grund f\u00f6r kunskapsutveckling och st\u00f6d f\u00f6r ny forskning p\u00e5 omr\u00e5det utbildning f\u00f6r h\u00e5llbar utveckling. L\u00e4s mer <a href=\"https:\/\/www.ifous.se\/hallbar-forskola\/\" target=\"_blank\" rel=\"noreferrer noopener\">h\u00e4r<\/a>. <!-- wp:paragraph --><\/p>\n<p><!-- \/wp:paragraph --><\/p>\n\n\t\t\t\t\t<\/div>\n\t\t\t\t\t\t\t<\/div>\n\n\t\t\t\t<div class=\"ams-fifty__action u-inline-items\">\n\t\t\t\t\t\t\t\n\n\n<a href=\"https:\/\/academedia.se\/hallbarhet\/\"\n\t\n\tclass=\"c-btn \"\n\tdata-style=\"rounded\"\n\tdata-size=\"md\"\n\tdata-width=\"full-mobile\"\n\tdata-variant=\"default\"\n\ttarget=\"_self\">\n\t\t\t<span class=\"label\"> Mer om h\u00e5llbarhet p\u00e5 Academedia<\/span>\n\t\t\t<\/a>\n\t\t\t<\/div>\n\t\t<\/div>\n\n\t\t <div class=\"ams-fifty__media u-ratio-landscape\">\n\t\t \t\t\t\t\t<img decoding=\"async\" width=\"600\" height=\"505\" src=\"https:\/\/pysslingen.se\/wp-content\/uploads\/2024\/03\/pysslingenbarnosapbubblor.jpg\" class=\"attachment-md size-md\" alt=\"Tv\u00e5 barn bl\u00e5ser s\u00e5pbubblor utomhus..\" sizes=\"(min-width: 64em) 600px, calc(100vw - 160px)\" srcset=\"https:\/\/pysslingen.se\/wp-content\/uploads\/2024\/03\/pysslingenbarnosapbubblor.jpg 900w, https:\/\/pysslingen.se\/wp-content\/uploads\/2024\/03\/pysslingenbarnosapbubblor-300x253.jpg 300w, https:\/\/pysslingen.se\/wp-content\/uploads\/2024\/03\/pysslingenbarnosapbubblor-768x647.jpg 768w, https:\/\/pysslingen.se\/wp-content\/uploads\/2024\/03\/pysslingenbarnosapbubblor-500x421.jpg 500w, https:\/\/pysslingen.se\/wp-content\/uploads\/2024\/03\/pysslingenbarnosapbubblor-272x229.jpg 272w, https:\/\/pysslingen.se\/wp-content\/uploads\/2024\/03\/pysslingenbarnosapbubblor-340x286.jpg 340w, https:\/\/pysslingen.se\/wp-content\/uploads\/2024\/03\/pysslingenbarnosapbubblor-796x670.jpg 796w\" \/>\n\t\t\t\n\t\t\t\n\t\t\t\t\t<\/div>\n\t<\/div>\n\n\t\t\n\n<\/section>\n\t\t\t\t\t<div class=\"container core-columns\">\n\t\t\t\t\t\t<div class=\"row\">\n\t\t\t\t\t\t\t<div class=\"col-12\">\n\t\t\t\t\t\t\t\t\n<div class=\"wp-block-columns is-layout-flex wp-container-core-columns-layout-1 wp-block-columns-is-layout-flex\">\n<div class=\"wp-block-column is-layout-flow wp-block-column-is-layout-flow\">\n\n<section  class=\"ams-file-manager ams-file-manager--single c-block l-stacked\">\n\t<div class=\"l-stack l-stack-fluid-2xl u-pt-fluid-None u-pb-fluid-None is-left is-left@md\">\n\t\t\n\t\t\t\t\t<div class=\"c-block-list\">\n \t<div class=\"c-block-list__item l-stack l-stack-2xs\">\n        <strong class=\"u-font-title-3\">L\u00e4s v\u00e5r h\u00e5llbarhetsstrategi<\/strong>\n\t\t<a\n\t\t\tdownload=\"https:\/\/pysslingen.se\/wp-content\/uploads\/2020\/10\/pysslingen-hallbarhetsstrategi-2023.pdf\"\n\t\t\thref=\"https:\/\/pysslingen.se\/wp-content\/uploads\/2020\/10\/pysslingen-hallbarhetsstrategi-2023.pdf\"\n\t\t\ttitle=\"Pysslingen Ha\u030allbarhetsstrategi 2023\"\n\t\t\tclass=\"c-block-list__link u-flex u-items-center\">\n\t\t\t<svg\n\t\t\t\tclass=\"ams-icon ams-icon--download\"\n\t\t\t\twidth=\"16\"\n\t\t\t\theight=\"17\"\n\t\t\t\tviewBox=\"0 0 16 17\"\n\t\t\t\tfill=\"currentColor\"\n\t\t\t\taria-hidden=\"true\"\n\t\t\t\txmlns=\"http:\/\/www.w3.org\/2000\/svg\"\n\t\t\t>\n\t\t\t\t<path d=\"M14.125 14C14.125 14.3438 13.8438 14.625 13.5 14.625C13.1562 14.625 12.875 14.3438 12.875 14C12.875 13.6562 13.1562 13.375 13.5 13.375C13.8438 13.375 14.125 13.6562 14.125 14ZM11.5 13.375C11.1562 13.375 10.875 13.6562 10.875 14C10.875 14.3438 11.1562 14.625 11.5 14.625C11.8438 14.625 12.125 14.3438 12.125 14C12.125 13.6562 11.8438 13.375 11.5 13.375ZM16 11.875V15.125C16 15.8844 15.3844 16.5 14.625 16.5H1.375C0.615625 16.5 0 15.8844 0 15.125V11.875C0 11.1156 0.615625 10.5 1.375 10.5H4.48125L2.71875 8.7375C1.93125 7.95 2.49063 6.60313 3.60313 6.60313H5.25V1.75C5.25 1.05937 5.80937 0.5 6.5 0.5H9.5C10.1906 0.5 10.75 1.05937 10.75 1.75V6.60313H12.3969C13.5094 6.60313 14.0656 7.95 13.2812 8.7375L11.5188 10.5H14.625C15.3844 10.5 16 11.1156 16 11.875ZM7.82188 12.4281C7.91875 12.525 8.07813 12.525 8.175 12.4281L12.5719 8.03125C12.7281 7.875 12.6188 7.60313 12.3938 7.60313H9.75V1.75C9.75 1.6125 9.6375 1.5 9.5 1.5H6.5C6.3625 1.5 6.25 1.6125 6.25 1.75V7.60313H3.60313C3.38125 7.60313 3.26875 7.87188 3.425 8.03125L7.82188 12.4281V12.4281ZM15 11.875C15 11.6688 14.8312 11.5 14.625 11.5H10.5188L8.88437 13.1344C8.39687 13.6219 7.60312 13.6219 7.11562 13.1344L5.48125 11.5H1.375C1.16875 11.5 1 11.6688 1 11.875V15.125C1 15.3312 1.16875 15.5 1.375 15.5H14.625C14.8312 15.5 15 15.3312 15 15.125V11.875Z\"><\/path>\n\t\t\t<\/svg>\n\t\t\t<span class=\"text\">Ladda ner pdf<\/span>\n\t\t<\/a>\n\t<\/div>\n<\/div>\n\t\n\t\t\t<\/div>\n\n\t\t\n\n<\/section>\n<\/div>\n<\/div>\n\t\t\t\t\t\t\t<\/div>\n\t\t\t\t\t\t<\/div>\n\t\t\t\t\t<\/div>\n\t\t\t\t\t\t<\/div>\n\n\t","protected":false},"excerpt":{"rendered":"","protected":false},"author":5,"featured_media":0,"parent":0,"menu_order":0,"comment_status":"closed","ping_status":"closed","template":"","meta":{"footnotes":""},"yoast_head":"<!-- This site is optimized with the Yoast SEO plugin v22.0 - https:\/\/yoast.com\/wordpress\/plugins\/seo\/ -->\n<title>H\u00e5llbarhet - Pysslingen F\u00f6rskolor Bl\u00e5b\u00e4rsst\u00e4llet<\/title>\n<meta name=\"description\" content=\"Som f\u00f6rskola ska vi p\u00e5 Bl\u00e5b\u00e4rsst\u00e4llet bidra till att l\u00e4gga grunden till ett engagemang f\u00f6r h\u00e5llbar utveckling. L\u00e4s mer om v\u00e5rt h\u00e5llbarhetsarbete.\" \/>\n<meta name=\"robots\" content=\"index, follow, max-snippet:-1, max-image-preview:large, max-video-preview:-1\" \/>\n<link rel=\"canonical\" href=\"https:\/\/pysslingen.se\/blabarsstallet\/hallbarhet\/\" \/>\n<meta property=\"og:locale\" content=\"sv_SE\" \/>\n<meta property=\"og:type\" content=\"article\" \/>\n<meta property=\"og:title\" content=\"H\u00e5llbarhet - Pysslingen F\u00f6rskolor Bl\u00e5b\u00e4rsst\u00e4llet\" \/>\n<meta property=\"og:description\" content=\"Som f\u00f6rskola ska vi p\u00e5 Bl\u00e5b\u00e4rsst\u00e4llet bidra till att l\u00e4gga grunden till ett engagemang f\u00f6r h\u00e5llbar utveckling. L\u00e4s mer om v\u00e5rt h\u00e5llbarhetsarbete.\" \/>\n<meta property=\"og:url\" content=\"https:\/\/pysslingen.se\/blabarsstallet\/hallbarhet\/\" \/>\n<meta property=\"og:site_name\" content=\"Bl\u00e5b\u00e4rsst\u00e4llet\" \/>\n<meta property=\"article:modified_time\" content=\"2022-04-27T09:53:38+00:00\" \/>\n<meta name=\"twitter:card\" content=\"summary_large_image\" \/>\n<meta name=\"twitter:title\" content=\"H\u00e5llbarhet - Pysslingen F\u00f6rskolor Bl\u00e5b\u00e4rsst\u00e4llet\" \/>\n<meta name=\"twitter:description\" content=\"Som f\u00f6rskola ska vi p\u00e5 Bl\u00e5b\u00e4rsst\u00e4llet bidra till att l\u00e4gga grunden till ett engagemang f\u00f6r h\u00e5llbar utveckling. L\u00e4s mer om v\u00e5rt h\u00e5llbarhetsarbete.\" \/>\n<script type=\"application\/ld+json\" class=\"yoast-schema-graph\">{\"@context\":\"https:\/\/schema.org\",\"@graph\":[{\"@type\":\"WebPage\",\"@id\":\"https:\/\/pysslingen.se\/blabarsstallet\/hallbarhet\/\",\"url\":\"https:\/\/pysslingen.se\/blabarsstallet\/hallbarhet\/\",\"name\":\"H\u00e5llbarhet - Pysslingen F\u00f6rskolor Bl\u00e5b\u00e4rsst\u00e4llet\",\"isPartOf\":{\"@id\":\"https:\/\/pysslingen.se\/blabarsstallet\/#website\"},\"datePublished\":\"2020-10-20T14:19:43+00:00\",\"dateModified\":\"2022-04-27T09:53:38+00:00\",\"description\":\"Som f\u00f6rskola ska vi p\u00e5 Bl\u00e5b\u00e4rsst\u00e4llet bidra till att l\u00e4gga grunden till ett engagemang f\u00f6r h\u00e5llbar utveckling. L\u00e4s mer om v\u00e5rt h\u00e5llbarhetsarbete.\",\"breadcrumb\":{\"@id\":\"https:\/\/pysslingen.se\/blabarsstallet\/hallbarhet\/#breadcrumb\"},\"inLanguage\":\"sv-SE\",\"potentialAction\":[{\"@type\":\"ReadAction\",\"target\":[\"https:\/\/pysslingen.se\/blabarsstallet\/hallbarhet\/\"]}]},{\"@type\":\"BreadcrumbList\",\"@id\":\"https:\/\/pysslingen.se\/blabarsstallet\/hallbarhet\/#breadcrumb\",\"itemListElement\":[{\"@type\":\"ListItem\",\"position\":1,\"name\":\"Start\",\"item\":\"https:\/\/pysslingen.se\/blabarsstallet\/\"},{\"@type\":\"ListItem\",\"position\":2,\"name\":\"H\u00e5llbarhet\"}]},{\"@type\":\"WebSite\",\"@id\":\"https:\/\/pysslingen.se\/blabarsstallet\/#website\",\"url\":\"https:\/\/pysslingen.se\/blabarsstallet\/\",\"name\":\"Bl\u00e5b\u00e4rsst\u00e4llet\",\"description\":\"En trygg och stimulerande v\u00e4rld\",\"publisher\":{\"@id\":\"https:\/\/pysslingen.se\/blabarsstallet\/#organization\"},\"potentialAction\":[{\"@type\":\"SearchAction\",\"target\":{\"@type\":\"EntryPoint\",\"urlTemplate\":\"https:\/\/pysslingen.se\/blabarsstallet\/?s={search_term_string}\"},\"query-input\":\"required name=search_term_string\"}],\"inLanguage\":\"sv-SE\"},{\"@type\":\"Organization\",\"@id\":\"https:\/\/pysslingen.se\/blabarsstallet\/#organization\",\"name\":\"Pysslingen F\u00f6rskolor\",\"url\":\"https:\/\/pysslingen.se\/blabarsstallet\/\",\"logo\":{\"@type\":\"ImageObject\",\"inLanguage\":\"sv-SE\",\"@id\":\"https:\/\/pysslingen.se\/blabarsstallet\/#\/schema\/logo\/image\/\",\"url\":\"https:\/\/pysslingen.se\/wp-content\/uploads\/2021\/05\/pysslingen-forskolor.png\",\"contentUrl\":\"https:\/\/pysslingen.se\/wp-content\/uploads\/2021\/05\/pysslingen-forskolor.png\",\"width\":1120,\"height\":630,\"caption\":\"Pysslingen F\u00f6rskolor\"},\"image\":{\"@id\":\"https:\/\/pysslingen.se\/blabarsstallet\/#\/schema\/logo\/image\/\"}}]}<\/script>\n<!-- \/ Yoast SEO plugin. -->","yoast_head_json":{"title":"H\u00e5llbarhet - Pysslingen F\u00f6rskolor Bl\u00e5b\u00e4rsst\u00e4llet","description":"Som f\u00f6rskola ska vi p\u00e5 Bl\u00e5b\u00e4rsst\u00e4llet bidra till att l\u00e4gga grunden till ett engagemang f\u00f6r h\u00e5llbar utveckling. L\u00e4s mer om v\u00e5rt h\u00e5llbarhetsarbete.","robots":{"index":"index","follow":"follow","max-snippet":"max-snippet:-1","max-image-preview":"max-image-preview:large","max-video-preview":"max-video-preview:-1"},"canonical":"https:\/\/pysslingen.se\/blabarsstallet\/hallbarhet\/","og_locale":"sv_SE","og_type":"article","og_title":"H\u00e5llbarhet - Pysslingen F\u00f6rskolor Bl\u00e5b\u00e4rsst\u00e4llet","og_description":"Som f\u00f6rskola ska vi p\u00e5 Bl\u00e5b\u00e4rsst\u00e4llet bidra till att l\u00e4gga grunden till ett engagemang f\u00f6r h\u00e5llbar utveckling. L\u00e4s mer om v\u00e5rt h\u00e5llbarhetsarbete.","og_url":"https:\/\/pysslingen.se\/blabarsstallet\/hallbarhet\/","og_site_name":"Bl\u00e5b\u00e4rsst\u00e4llet","article_modified_time":"2022-04-27T09:53:38+00:00","twitter_card":"summary_large_image","twitter_title":"H\u00e5llbarhet - Pysslingen F\u00f6rskolor Bl\u00e5b\u00e4rsst\u00e4llet","twitter_description":"Som f\u00f6rskola ska vi p\u00e5 Bl\u00e5b\u00e4rsst\u00e4llet bidra till att l\u00e4gga grunden till ett engagemang f\u00f6r h\u00e5llbar utveckling. L\u00e4s mer om v\u00e5rt h\u00e5llbarhetsarbete.","schema":{"@context":"https:\/\/schema.org","@graph":[{"@type":"WebPage","@id":"https:\/\/pysslingen.se\/blabarsstallet\/hallbarhet\/","url":"https:\/\/pysslingen.se\/blabarsstallet\/hallbarhet\/","name":"H\u00e5llbarhet - Pysslingen F\u00f6rskolor Bl\u00e5b\u00e4rsst\u00e4llet","isPartOf":{"@id":"https:\/\/pysslingen.se\/blabarsstallet\/#website"},"datePublished":"2020-10-20T14:19:43+00:00","dateModified":"2022-04-27T09:53:38+00:00","description":"Som f\u00f6rskola ska vi p\u00e5 Bl\u00e5b\u00e4rsst\u00e4llet bidra till att l\u00e4gga grunden till ett engagemang f\u00f6r h\u00e5llbar utveckling. L\u00e4s mer om v\u00e5rt h\u00e5llbarhetsarbete.","breadcrumb":{"@id":"https:\/\/pysslingen.se\/blabarsstallet\/hallbarhet\/#breadcrumb"},"inLanguage":"sv-SE","potentialAction":[{"@type":"ReadAction","target":["https:\/\/pysslingen.se\/blabarsstallet\/hallbarhet\/"]}]},{"@type":"BreadcrumbList","@id":"https:\/\/pysslingen.se\/blabarsstallet\/hallbarhet\/#breadcrumb","itemListElement":[{"@type":"ListItem","position":1,"name":"Start","item":"https:\/\/pysslingen.se\/blabarsstallet\/"},{"@type":"ListItem","position":2,"name":"H\u00e5llbarhet"}]},{"@type":"WebSite","@id":"https:\/\/pysslingen.se\/blabarsstallet\/#website","url":"https:\/\/pysslingen.se\/blabarsstallet\/","name":"Bl\u00e5b\u00e4rsst\u00e4llet","description":"En trygg och stimulerande v\u00e4rld","publisher":{"@id":"https:\/\/pysslingen.se\/blabarsstallet\/#organization"},"potentialAction":[{"@type":"SearchAction","target":{"@type":"EntryPoint","urlTemplate":"https:\/\/pysslingen.se\/blabarsstallet\/?s={search_term_string}"},"query-input":"required name=search_term_string"}],"inLanguage":"sv-SE"},{"@type":"Organization","@id":"https:\/\/pysslingen.se\/blabarsstallet\/#organization","name":"Pysslingen F\u00f6rskolor","url":"https:\/\/pysslingen.se\/blabarsstallet\/","logo":{"@type":"ImageObject","inLanguage":"sv-SE","@id":"https:\/\/pysslingen.se\/blabarsstallet\/#\/schema\/logo\/image\/","url":"https:\/\/pysslingen.se\/wp-content\/uploads\/2021\/05\/pysslingen-forskolor.png","contentUrl":"https:\/\/pysslingen.se\/wp-content\/uploads\/2021\/05\/pysslingen-forskolor.png","width":1120,"height":630,"caption":"Pysslingen F\u00f6rskolor"},"image":{"@id":"https:\/\/pysslingen.se\/blabarsstallet\/#\/schema\/logo\/image\/"}}]}},"_links":{"self":[{"href":"https:\/\/pysslingen.se\/blabarsstallet\/wp-json\/wp\/v2\/pages\/531"}],"collection":[{"href":"https:\/\/pysslingen.se\/blabarsstallet\/wp-json\/wp\/v2\/pages"}],"about":[{"href":"https:\/\/pysslingen.se\/blabarsstallet\/wp-json\/wp\/v2\/types\/page"}],"author":[{"embeddable":true,"href":"https:\/\/pysslingen.se\/blabarsstallet\/wp-json\/wp\/v2\/users\/5"}],"replies":[{"embeddable":true,"href":"https:\/\/pysslingen.se\/blabarsstallet\/wp-json\/wp\/v2\/comments?post=531"}],"version-history":[{"count":2,"href":"https:\/\/pysslingen.se\/blabarsstallet\/wp-json\/wp\/v2\/pages\/531\/revisions"}],"predecessor-version":[{"id":533,"href":"https:\/\/pysslingen.se\/blabarsstallet\/wp-json\/wp\/v2\/pages\/531\/revisions\/533"}],"wp:attachment":[{"href":"https:\/\/pysslingen.se\/blabarsstallet\/wp-json\/wp\/v2\/media?parent=531"}],"curies":[{"name":"wp","href":"https:\/\/api.w.org\/{rel}","templated":true}]}}