{"id":20,"date":"2020-09-29T09:19:21","date_gmt":"2020-09-29T09:19:21","guid":{"rendered":"https:\/\/pysslingen.se\/blabarsstallet\/?page_id=20"},"modified":"2025-12-15T10:34:02","modified_gmt":"2025-12-15T09:34:02","slug":"maten","status":"publish","type":"page","link":"https:\/\/pysslingen.se\/blabarsstallet\/maten\/","title":{"rendered":"V\u00e5r mat"},"content":{"rendered":"\n\t\n\t\n\t\n\n\t\n\t\n\t\t\n<section  class=\"c-block l-stacked  \" data-color-scheme=\"nyans2_av_cta-dark-card-primar1-light-hover-standard_standard\">\n\t<div class=\"ams-fifty ams-fifty--container ams-fifty--right ams-fifty--bottom l-container u-pt-fluid-3xl-6xl u-pb-fluid-3xl-6xl\">\n\t\t<div class=\"ams-fifty__content l-stack l-stack-xl is-left is-left@lg\">\n\t\t\t<div class=\"ams-fifty__text l-stack l-stack-lg\">\n\t\t\t\t\t\n\t<h1\n\tclass=\"c-heading u-font-title-1 \"\n\tstyle=\"\">\n\t\t\n\t\t\t\t\tP\u00e5 Bl\u00e5b\u00e4rsst\u00e4llet serverar vi mat f\u00f6r aktiva barn\n\t\t\t\t\n\t<\/h1>\n\n\t\t\t\t\t\t\t\t\t<div class=\"text l-stack u-font-body\">\n\t\t\t\t\t\t<p>Maten p\u00e5 f\u00f6rskolan \u00e4r viktig f\u00f6r att ditt barn ska f\u00e5 energi att leka och utvecklas varje dag. Men mat \u00e4r faktiskt mycket mer \u00e4n s\u00e5! H\u00e4r p\u00e5 Bl\u00e5b\u00e4rsst\u00e4llet ser vi m\u00e5ltiden som en mycket viktig del av dagen. Vi vill att m\u00e5ltiden ska vara inbjudande, lustfylld och en upplevelse f\u00f6r alla v\u00e5ra sinnen. I v\u00e5rt k\u00f6k jobbar Stefan, som \u00e4r kock, och Siham, som \u00e4r k\u00f6ksbitr\u00e4de.<\/p>\n\n\t\t\t\t\t<\/div>\n\t\t\t\t\t\t\t<\/div>\n\n\t\t\t\t\t<\/div>\n\n\t\t <div class=\"ams-fifty__media u-ratio-landscape\">\n\t\t \t\t\t\t\t<img decoding=\"async\" width=\"600\" height=\"900\" src=\"https:\/\/pysslingen.se\/wp-content\/uploads\/sites\/9\/2020\/09\/barn-och-mat-i-forskolan.jpg\" class=\"attachment-md size-md\" alt=\"Barn tar en slev med pasta.\" sizes=\"(min-width: 64em) 600px, calc(100vw - 160px)\" srcset=\"https:\/\/pysslingen.se\/wp-content\/uploads\/sites\/9\/2020\/09\/barn-och-mat-i-forskolan.jpg 667w, https:\/\/pysslingen.se\/wp-content\/uploads\/sites\/9\/2020\/09\/barn-och-mat-i-forskolan-200x300.jpg 200w, https:\/\/pysslingen.se\/wp-content\/uploads\/sites\/9\/2020\/09\/barn-och-mat-i-forskolan-447x670.jpg 447w\" \/>\n\t\t\t\n\t\t\t\n\t\t\t\t\t<\/div>\n\t<\/div>\n\n\t\t\n\n<\/section>\n\n\n\n<div style=\"height:27px\" aria-hidden=\"true\" class=\"wp-block-spacer\"><\/div>\n\n\n\n<h2 class=\"wp-block-heading\">Medvetna val\u00a0vid varje m\u00e5ltid p\u00e5 f\u00f6rskolan<\/h2>\n\n\n\n<p>Inom Pysslingen F\u00f6rskolor arbetar v\u00e5ra kockar medvetet och strategiskt f\u00f6r att ditt barn ska erbjudas h\u00e4lsosamma, klimatsmarta, v\u00e4llagade och framf\u00f6rallt goda m\u00e5ltider. Med st\u00f6d i v\u00e5r gemensamma m\u00e5ltidspolicy erbjuder vi endast MSC-m\u00e4rkt fisk, svenskt eller finskt fl\u00e4skk\u00f6tt och svensk kyckling. Vi serverar minst tv\u00e5 vegetariska luncher i veckan.&nbsp;<\/p>\n\n\n\n<p>Att l\u00e4ra sig om socialt samspel, att vara en bra kompis, att k\u00e4nna delaktighet och skapa f\u00f6rst\u00e5else f\u00f6r omv\u00e4rlden och v\u00e5ra medm\u00e4nniskor \u00e4r basen i v\u00e5r pedagogiska verksamhet men vi vill ocks\u00e5 l\u00e4ra ut hur balanserade m\u00e5ltider smakar och tillagas som en del i v\u00e5rt uppdrag.<\/p>\n\n\n\n<h2 class=\"wp-block-heading\">Mat och pedagogik p\u00e5 Bl\u00e5b\u00e4rsst\u00e4llet<\/h2>\n\n\n\n<p>M\u00e5ltiden \u00e4r en m\u00f6jlighet att m\u00f6tas och samtala med varandra. Vi l\u00e4gger upp maten p\u00e5 ett trevligt s\u00e4tt och samtalar om maten vi \u00e4ter. Fr\u00e5gor vi st\u00e4ller oss \u00e4r till exempel hur maten smakar, vad den inneh\u00e5ller och var den har sitt ursprung. Vi uppmuntrar barnen att med nyfikenhet smaka och skapa en f\u00f6rst\u00e5else om vikten av en sund kosth\u00e5llning.<\/p>\n\n\n\n<div class=\"wp-block-group is-layout-flow wp-block-group-is-layout-flow\">\n<h2 class=\"wp-block-heading\">L\u00e4r k\u00e4nna f\u00f6rskolans k\u00f6ksbitr\u00e4de Siham<\/h2>\n\n\n\n<p>\u2012 Jag heter Siham och har arbetat p\u00e5 Bl\u00e5b\u00e4rsst\u00e4llet i m\u00e5nga \u00e5r. Det b\u00e4sta med att arbeta med barn och mat \u00e4r gl\u00e4djen n\u00e4r barnen tycker om maten. Det viktigaste \u00e4r att barnen f\u00e5r i sig energi f\u00f6r att orka leka hela dagen h\u00e4r p\u00e5 f\u00f6rskolan.&nbsp;<\/p>\n\n\n\n<p>\u2012 Till lunchen erbjuder vi alltid sm\u00f6rg\u00e5s och p\u00e5l\u00e4gg samt tre olika gr\u00f6nsaker. Till frukost och mellanm\u00e5l serveras gr\u00f6t eller yoghurt med flingor samt sm\u00f6rg\u00e5s med varierande p\u00e5l\u00e4gg.&nbsp;<\/p>\n\n\n\n<p>\u2012 Har du fr\u00e5gor eller funderingar \u00e4r du alltid v\u00e4lkommen att titta in till oss i k\u00f6ket n\u00e4r du \u00e4r p\u00e5 f\u00f6rskolan.<\/p>\n<\/div>\n\n\n\n\t<div class=\"module_wrapper ams_remote_pages_module \">\n\t\t\t\t\t\t\t<div class=\"container core-columns\">\n\t\t\t\t\t\t<div class=\"row\">\n\t\t\t\t\t\t\t<div class=\"col-12\">\n\t\t\t\t\t\t\t\t\n<div class=\"wp-block-columns is-layout-flex wp-container-core-columns-layout-1 wp-block-columns-is-layout-flex\">\n<div class=\"wp-block-column is-layout-flow wp-block-column-is-layout-flow\" style=\"flex-basis:33.33%\">\n\t<style>\n\t\t.inner {\n\n\t\t\tmargin: 0 auto;\n\t\t}\n\t<\/style>\n\t<div\n\t\t class=\"container images-module\" >\n\t\t<div   class=\"row images_module__slideshow\">\n\n\t\t\t<div\n\t\t\t\t class=\"col-md-8 offset-md-2 p-0 position-relative images_module__slideshow images_module__slideshow-container  \">\n\t\t\t\t<div class=\"images_module__slide\" data-slide=\"\"\n\t\t\t\t\t data-duration=\"\"><\/div>\n\t\t\t\t\t\t\t\t\t<div\n\t\t\t\t\t\t class=\"images_module__slides\n\n\t\t\t\t\t   \"\n\t\t\t\t\t>\n\n\n\t\t\t\t\t\t<div class=\"images__wrapper\" style=\"aspect-ratio: 851 \/ 531;\">\n\t\t\t\t\t\t\t<img decoding=\"async\" width=\"710\" height=\"471\" src=\"https:\/\/pysslingen.se\/wp-content\/uploads\/2021\/09\/eu-logotypskolmjolksstodjpg-2.jpg\" class=\"images__image_ratio  \" alt=\"skolmj\u00f6lk eu flagga\" style=\"aspect-ratio: 851 \/ 531;object-position: _center-center;\" srcset=\"https:\/\/pysslingen.se\/wp-content\/uploads\/2021\/09\/eu-logotypskolmjolksstodjpg-2.jpg 710w, https:\/\/pysslingen.se\/wp-content\/uploads\/2021\/09\/eu-logotypskolmjolksstodjpg-2-300x199.jpg 300w, https:\/\/pysslingen.se\/wp-content\/uploads\/2021\/09\/eu-logotypskolmjolksstodjpg-2-500x332.jpg 500w, https:\/\/pysslingen.se\/wp-content\/uploads\/2021\/09\/eu-logotypskolmjolksstodjpg-2-340x226.jpg 340w\" sizes=\"(max-width: 710px) 100vw, 710px\" \/>\t\t\t\t\t\t<\/div>\n\n\t\t\t\t\t\t\n\t\t\t\t\t\t\t\t\t\t\t<\/div>\n\t\t\t\t\n\t\t\t\t<div class=\"images_module__container_dot\">\n\t\t\t\t\t<div style=\"text-align:center\">\n\t\t\t\t\t\t\t\t\t\t\t\t\t<span   data-i=\"0\"\n\t\t\t\t\t\t\t\t  class=\"\n\t\t\t\t\t\t\timages_module__dot\n\t\t\t\t\t\t\t\t\t\t\t\t\t\t\"\n\t\t\t\t\t\t\t><\/span>\n\t\t\t\t\t\t\t\t\t\t\t<\/div>\n\t\t\t\t<\/div>\n\n\n\t\t\t<\/div>\n\t\t<\/div>\n\t<\/div>\n\n\t\n\n\n<script>\n\tvar images_display_descriptive_text = \"\";\n<\/script>\n<\/div>\n\n\n\n<div class=\"wp-block-column is-layout-flow wp-block-column-is-layout-flow\" style=\"flex-basis:66.66%\">\n<p><strong>Skolmj\u00f6lken vi serverar finansieras delvis av Europeiska garantifonden f\u00f6r jordbruket.<\/strong><\/p>\n<\/div>\n<\/div>\n\t\t\t\t\t\t\t<\/div>\n\t\t\t\t\t\t<\/div>\n\t\t\t\t\t<\/div>\n\t\t\t\t\t\t<\/div>\n\n\t\n\n\n\n<section  class=\"ams-cta ams-cta--stacked c-block l-stacked\">\n\t<div class=\"l-container l-stack l-stack-fluid-2xl u-pt-fluid-md-xl u-pb-fluid-md-xl is-center is-center@md\">\n\t\t\t\t\t<div class=\"ams-cta__intro l-stack l-stack-lg\">\n\t\t\t\t\t\n\t<h2\n\tclass=\"c-heading u-font-title-1 \"\n\tstyle=\"\">\n\t\t\n\t\t\t\t\tPysslingen F\u00f6rskolor arbetar aktivt med att skapa h\u00e5llbara m\u00e5ltider\n\t\t\t\t\n\t<\/h2>\n\n\t\t\t\t\t\t\t<\/div>\n\t\t\n\t\t\n\t\t\t<div class=\"ams-cta__action u-inline-items\">\n\t\t\t\t\t\t\t\n\n\n<a href=\"https:\/\/pysslingen.se\/blabarsstallet\/hallbarhet\/\"\n\t\n\tclass=\"c-btn \"\n\tdata-style=\"rounded\"\n\tdata-size=\"md\"\n\tdata-width=\"full-mobile\"\n\tdata-variant=\"default\"\n\ttarget=\"_self\">\n\t\t\t<span class=\"label\"> L\u00e4s mer om h\u00e5llbarhet<\/span>\n\t\t\t<\/a>\n\t\t\t<\/div>\n\t<\/div>\n\n\t\t\n\n<\/section>\n","protected":false},"excerpt":{"rendered":"<p>Medvetna val\u00a0vid varje m\u00e5ltid p\u00e5 f\u00f6rskolan Inom Pysslingen F\u00f6rskolor arbetar v\u00e5ra kockar medvetet och strategiskt f\u00f6r att ditt barn ska erbjudas h\u00e4lsosamma, klimatsmarta, v\u00e4llagade och framf\u00f6rallt goda m\u00e5ltider. Med st\u00f6d i v\u00e5r gemensamma m\u00e5ltidspolicy erbjuder vi endast MSC-m\u00e4rkt fisk, svenskt eller finskt fl\u00e4skk\u00f6tt och svensk kyckling. Vi serverar minst tv\u00e5 vegetariska luncher i veckan.&nbsp; Att&#8230;<\/p>\n","protected":false},"author":3,"featured_media":0,"parent":0,"menu_order":0,"comment_status":"closed","ping_status":"closed","template":"","meta":{"footnotes":""},"yoast_head":"<!-- This site is optimized with the Yoast SEO plugin v22.0 - https:\/\/yoast.com\/wordpress\/plugins\/seo\/ -->\n<title>P\u00e5 Bl\u00e5b\u00e4rsst\u00e4llet serverar vi mat f\u00f6r aktiva barn<\/title>\n<meta name=\"description\" content=\"Hos oss p\u00e5 Bl\u00e5b\u00e4rsst\u00e4llet vill vi skapa ett lustfyllt m\u00f6te med maten och se till att varje m\u00e5ltid blir en upplevelse f\u00f6r alla sinnen.\" \/>\n<meta name=\"robots\" content=\"index, follow, max-snippet:-1, max-image-preview:large, max-video-preview:-1\" \/>\n<link rel=\"canonical\" href=\"https:\/\/pysslingen.se\/blabarsstallet\/maten\/\" \/>\n<meta property=\"og:locale\" content=\"sv_SE\" \/>\n<meta property=\"og:type\" content=\"article\" \/>\n<meta property=\"og:title\" content=\"P\u00e5 Bl\u00e5b\u00e4rsst\u00e4llet serverar vi mat f\u00f6r aktiva barn\" \/>\n<meta property=\"og:description\" content=\"Hos oss p\u00e5 Bl\u00e5b\u00e4rsst\u00e4llet vill vi skapa ett lustfyllt m\u00f6te med maten och se till att varje m\u00e5ltid blir en upplevelse f\u00f6r alla sinnen.\" \/>\n<meta property=\"og:url\" content=\"https:\/\/pysslingen.se\/blabarsstallet\/maten\/\" \/>\n<meta property=\"og:site_name\" content=\"Bl\u00e5b\u00e4rsst\u00e4llet\" \/>\n<meta property=\"article:modified_time\" content=\"2025-12-15T09:34:02+00:00\" \/>\n<meta name=\"twitter:card\" content=\"summary_large_image\" \/>\n<meta name=\"twitter:title\" content=\"P\u00e5 Bl\u00e5b\u00e4rsst\u00e4llet serverar vi mat f\u00f6r aktiva barn\" \/>\n<meta name=\"twitter:description\" content=\"Hos oss p\u00e5 Bl\u00e5b\u00e4rsst\u00e4llet vill vi skapa ett lustfyllt m\u00f6te med maten och se till att varje m\u00e5ltid blir en upplevelse f\u00f6r alla sinnen.\" \/>\n<meta name=\"twitter:label1\" content=\"Ber\u00e4knad l\u00e4stid\" \/>\n\t<meta name=\"twitter:data1\" content=\"2 minuter\" \/>\n<script type=\"application\/ld+json\" class=\"yoast-schema-graph\">{\"@context\":\"https:\/\/schema.org\",\"@graph\":[{\"@type\":\"WebPage\",\"@id\":\"https:\/\/pysslingen.se\/blabarsstallet\/maten\/\",\"url\":\"https:\/\/pysslingen.se\/blabarsstallet\/maten\/\",\"name\":\"P\u00e5 Bl\u00e5b\u00e4rsst\u00e4llet serverar vi mat f\u00f6r aktiva barn\",\"isPartOf\":{\"@id\":\"https:\/\/pysslingen.se\/blabarsstallet\/#website\"},\"datePublished\":\"2020-09-29T09:19:21+00:00\",\"dateModified\":\"2025-12-15T09:34:02+00:00\",\"description\":\"Hos oss p\u00e5 Bl\u00e5b\u00e4rsst\u00e4llet vill vi skapa ett lustfyllt m\u00f6te med maten och se till att varje m\u00e5ltid blir en upplevelse f\u00f6r alla sinnen.\",\"breadcrumb\":{\"@id\":\"https:\/\/pysslingen.se\/blabarsstallet\/maten\/#breadcrumb\"},\"inLanguage\":\"sv-SE\",\"potentialAction\":[{\"@type\":\"ReadAction\",\"target\":[\"https:\/\/pysslingen.se\/blabarsstallet\/maten\/\"]}]},{\"@type\":\"BreadcrumbList\",\"@id\":\"https:\/\/pysslingen.se\/blabarsstallet\/maten\/#breadcrumb\",\"itemListElement\":[{\"@type\":\"ListItem\",\"position\":1,\"name\":\"Start\",\"item\":\"https:\/\/pysslingen.se\/blabarsstallet\/\"},{\"@type\":\"ListItem\",\"position\":2,\"name\":\"V\u00e5r mat\"}]},{\"@type\":\"WebSite\",\"@id\":\"https:\/\/pysslingen.se\/blabarsstallet\/#website\",\"url\":\"https:\/\/pysslingen.se\/blabarsstallet\/\",\"name\":\"Bl\u00e5b\u00e4rsst\u00e4llet\",\"description\":\"En trygg och stimulerande v\u00e4rld\",\"publisher\":{\"@id\":\"https:\/\/pysslingen.se\/blabarsstallet\/#organization\"},\"potentialAction\":[{\"@type\":\"SearchAction\",\"target\":{\"@type\":\"EntryPoint\",\"urlTemplate\":\"https:\/\/pysslingen.se\/blabarsstallet\/?s={search_term_string}\"},\"query-input\":\"required name=search_term_string\"}],\"inLanguage\":\"sv-SE\"},{\"@type\":\"Organization\",\"@id\":\"https:\/\/pysslingen.se\/blabarsstallet\/#organization\",\"name\":\"Pysslingen F\u00f6rskolor\",\"url\":\"https:\/\/pysslingen.se\/blabarsstallet\/\",\"logo\":{\"@type\":\"ImageObject\",\"inLanguage\":\"sv-SE\",\"@id\":\"https:\/\/pysslingen.se\/blabarsstallet\/#\/schema\/logo\/image\/\",\"url\":\"https:\/\/pysslingen.se\/wp-content\/uploads\/2021\/05\/pysslingen-forskolor.png\",\"contentUrl\":\"https:\/\/pysslingen.se\/wp-content\/uploads\/2021\/05\/pysslingen-forskolor.png\",\"width\":1120,\"height\":630,\"caption\":\"Pysslingen F\u00f6rskolor\"},\"image\":{\"@id\":\"https:\/\/pysslingen.se\/blabarsstallet\/#\/schema\/logo\/image\/\"}}]}<\/script>\n<!-- \/ Yoast SEO plugin. -->","yoast_head_json":{"title":"P\u00e5 Bl\u00e5b\u00e4rsst\u00e4llet serverar vi mat f\u00f6r aktiva barn","description":"Hos oss p\u00e5 Bl\u00e5b\u00e4rsst\u00e4llet vill vi skapa ett lustfyllt m\u00f6te med maten och se till att varje m\u00e5ltid blir en upplevelse f\u00f6r alla sinnen.","robots":{"index":"index","follow":"follow","max-snippet":"max-snippet:-1","max-image-preview":"max-image-preview:large","max-video-preview":"max-video-preview:-1"},"canonical":"https:\/\/pysslingen.se\/blabarsstallet\/maten\/","og_locale":"sv_SE","og_type":"article","og_title":"P\u00e5 Bl\u00e5b\u00e4rsst\u00e4llet serverar vi mat f\u00f6r aktiva barn","og_description":"Hos oss p\u00e5 Bl\u00e5b\u00e4rsst\u00e4llet vill vi skapa ett lustfyllt m\u00f6te med maten och se till att varje m\u00e5ltid blir en upplevelse f\u00f6r alla sinnen.","og_url":"https:\/\/pysslingen.se\/blabarsstallet\/maten\/","og_site_name":"Bl\u00e5b\u00e4rsst\u00e4llet","article_modified_time":"2025-12-15T09:34:02+00:00","twitter_card":"summary_large_image","twitter_title":"P\u00e5 Bl\u00e5b\u00e4rsst\u00e4llet serverar vi mat f\u00f6r aktiva barn","twitter_description":"Hos oss p\u00e5 Bl\u00e5b\u00e4rsst\u00e4llet vill vi skapa ett lustfyllt m\u00f6te med maten och se till att varje m\u00e5ltid blir en upplevelse f\u00f6r alla sinnen.","twitter_misc":{"Ber\u00e4knad l\u00e4stid":"2 minuter"},"schema":{"@context":"https:\/\/schema.org","@graph":[{"@type":"WebPage","@id":"https:\/\/pysslingen.se\/blabarsstallet\/maten\/","url":"https:\/\/pysslingen.se\/blabarsstallet\/maten\/","name":"P\u00e5 Bl\u00e5b\u00e4rsst\u00e4llet serverar vi mat f\u00f6r aktiva barn","isPartOf":{"@id":"https:\/\/pysslingen.se\/blabarsstallet\/#website"},"datePublished":"2020-09-29T09:19:21+00:00","dateModified":"2025-12-15T09:34:02+00:00","description":"Hos oss p\u00e5 Bl\u00e5b\u00e4rsst\u00e4llet vill vi skapa ett lustfyllt m\u00f6te med maten och se till att varje m\u00e5ltid blir en upplevelse f\u00f6r alla sinnen.","breadcrumb":{"@id":"https:\/\/pysslingen.se\/blabarsstallet\/maten\/#breadcrumb"},"inLanguage":"sv-SE","potentialAction":[{"@type":"ReadAction","target":["https:\/\/pysslingen.se\/blabarsstallet\/maten\/"]}]},{"@type":"BreadcrumbList","@id":"https:\/\/pysslingen.se\/blabarsstallet\/maten\/#breadcrumb","itemListElement":[{"@type":"ListItem","position":1,"name":"Start","item":"https:\/\/pysslingen.se\/blabarsstallet\/"},{"@type":"ListItem","position":2,"name":"V\u00e5r mat"}]},{"@type":"WebSite","@id":"https:\/\/pysslingen.se\/blabarsstallet\/#website","url":"https:\/\/pysslingen.se\/blabarsstallet\/","name":"Bl\u00e5b\u00e4rsst\u00e4llet","description":"En trygg och stimulerande v\u00e4rld","publisher":{"@id":"https:\/\/pysslingen.se\/blabarsstallet\/#organization"},"potentialAction":[{"@type":"SearchAction","target":{"@type":"EntryPoint","urlTemplate":"https:\/\/pysslingen.se\/blabarsstallet\/?s={search_term_string}"},"query-input":"required name=search_term_string"}],"inLanguage":"sv-SE"},{"@type":"Organization","@id":"https:\/\/pysslingen.se\/blabarsstallet\/#organization","name":"Pysslingen F\u00f6rskolor","url":"https:\/\/pysslingen.se\/blabarsstallet\/","logo":{"@type":"ImageObject","inLanguage":"sv-SE","@id":"https:\/\/pysslingen.se\/blabarsstallet\/#\/schema\/logo\/image\/","url":"https:\/\/pysslingen.se\/wp-content\/uploads\/2021\/05\/pysslingen-forskolor.png","contentUrl":"https:\/\/pysslingen.se\/wp-content\/uploads\/2021\/05\/pysslingen-forskolor.png","width":1120,"height":630,"caption":"Pysslingen F\u00f6rskolor"},"image":{"@id":"https:\/\/pysslingen.se\/blabarsstallet\/#\/schema\/logo\/image\/"}}]}},"_links":{"self":[{"href":"https:\/\/pysslingen.se\/blabarsstallet\/wp-json\/wp\/v2\/pages\/20"}],"collection":[{"href":"https:\/\/pysslingen.se\/blabarsstallet\/wp-json\/wp\/v2\/pages"}],"about":[{"href":"https:\/\/pysslingen.se\/blabarsstallet\/wp-json\/wp\/v2\/types\/page"}],"author":[{"embeddable":true,"href":"https:\/\/pysslingen.se\/blabarsstallet\/wp-json\/wp\/v2\/users\/3"}],"replies":[{"embeddable":true,"href":"https:\/\/pysslingen.se\/blabarsstallet\/wp-json\/wp\/v2\/comments?post=20"}],"version-history":[{"count":10,"href":"https:\/\/pysslingen.se\/blabarsstallet\/wp-json\/wp\/v2\/pages\/20\/revisions"}],"predecessor-version":[{"id":1452,"href":"https:\/\/pysslingen.se\/blabarsstallet\/wp-json\/wp\/v2\/pages\/20\/revisions\/1452"}],"wp:attachment":[{"href":"https:\/\/pysslingen.se\/blabarsstallet\/wp-json\/wp\/v2\/media?parent=20"}],"curies":[{"name":"wp","href":"https:\/\/api.w.org\/{rel}","templated":true}]}}