{"id":664,"date":"2020-10-22T14:58:35","date_gmt":"2020-10-22T14:58:35","guid":{"rendered":"https:\/\/pysslingen.se\/bjorngarden\/?page_id=664"},"modified":"2024-12-20T13:53:13","modified_gmt":"2024-12-20T12:53:13","slug":"larmiljoer","status":"publish","type":"page","link":"https:\/\/pysslingen.se\/bjorngarden\/larmiljoer\/","title":{"rendered":"L\u00e4rmilj\u00f6er"},"content":{"rendered":"\n<h1 class=\"wp-block-heading\">Inspirerande l\u00e4rmilj\u00f6er p\u00e5 f\u00f6rskolan Bj\u00f6rng\u00e5rden<\/h1>\n\n\n\n\t<div class=\"module_wrapper ams_remote_pages_module \">\n\t\t\t\t\t\t\t<div class=\"container acf-preamble\">\n\t\t\t\t\t\t<div class=\"row\">\n\t\t\t\t\t\t\t<div class=\"col-12\">\n\t\t\t\t\t\t\t\t\n<p   class=\"site__ingress container text-left  site__text-color--dark  site__free_text--ingress p-0\">\n\tL\u00e4rmilj\u00f6erna i alla Pysslingens f\u00f6rskolor \u00e4r uppbyggda f\u00f6r att ge ditt barn b\u00e4sta m\u00f6jliga f\u00f6ruts\u00e4ttningar f\u00f6r lek, utforskande och kreativitet. Vi utformar alltid f\u00f6rskolans milj\u00f6er p\u00e5 ett medvetet s\u00e4tt utifr\u00e5n modern forskning om vad som fr\u00e4mjar barns utveckling och l\u00e4rande. Med utg\u00e5ngspunkt i barnens intressen och behov skapar pedagoger och barn tillsammans l\u00e4rmilj\u00f6er med en variation av material och aktiviteter &#8211; allt f\u00f6r att stimulera och v\u00e4cka ditt barns nyfikenhet, intresse och utforskande b\u00e5de inne och ute.<\/p>\n\n\n\t\t\t\t\t\t\t<\/div>\n\t\t\t\t\t\t<\/div>\n\t\t\t\t\t<\/div>\n\t\t\t\t\t\t<div\n\t\t class=\"container images-module \" >\n\n\t\t\t\t<div   id=\"images_col\" style=\"display:none\"\n\t\t\t class=\"col-md-6 p-4 position-relative \">\n\t\t<\/div>\n\n\t\t\t\t\n\t\t\n\t\t\t\t<div class=\"row images-module__row\">\n\n\t\t\t\t\t\t\t\t\t\t\n\t\t\t\t<div   data-url=\"https:\/\/pysslingen.se\/wp-content\/uploads\/2020\/09\/larmiljo-inomhus-djur-500x500-1.jpg\"\n\t\t\t\t\t data-description=\"\"\n\t\t\t\t\t data-styl=\"aspect-ratio: 625 \/ 567;object-position: _center-center;\"\n\t\t\t\t\t data-alt=\"L\u00e4rmilj\u00f6 med djur p\u00e5 Pysslingen f\u00f6rskola\"\n\t\t\t\t\t class=\" \"\n\t\t\t\t>\n\t\t\t\t<\/div>\n\n\t\t\t\t\t\t\t\n\t\t\t\t<div   data-url=\"https:\/\/pysslingen.se\/wp-content\/uploads\/2020\/09\/larmiljo-inomhus-barn-stad-e1601371843963.jpg\"\n\t\t\t\t\t data-description=\"\"\n\t\t\t\t\t data-styl=\"aspect-ratio: 625 \/ 567;object-position: _center-center;\"\n\t\t\t\t\t data-alt=\"Barn som bygger en stad i l\u00e4rmilj\u00f6 p\u00e5 f\u00f6rskola\"\n\t\t\t\t\t class=\" \"\n\t\t\t\t>\n\t\t\t\t<\/div>\n\n\t\t\t\t\t\t\t\n\t\t\t\t<div   data-url=\"https:\/\/pysslingen.se\/wp-content\/uploads\/2020\/09\/pysslingen-lysande-figur-mindre-1.jpg\"\n\t\t\t\t\t data-description=\"\"\n\t\t\t\t\t data-styl=\"aspect-ratio: 625 \/ 567;object-position: _center-center;\"\n\t\t\t\t\t data-alt=\"Lysande figur syns p\u00e5 golvet, barn och pedagog kollar in den.\"\n\t\t\t\t\t class=\" \"\n\t\t\t\t>\n\t\t\t\t<\/div>\n\n\t\t\t\t\t\t\t\n\t\t\t\t<div   data-url=\"https:\/\/pysslingen.se\/wp-content\/uploads\/2020\/10\/59b18b0bcecc2.jpg\"\n\t\t\t\t\t data-description=\"\"\n\t\t\t\t\t data-styl=\"aspect-ratio: 625 \/ 567;object-position: _center-center;\"\n\t\t\t\t\t data-alt=\"Barn m\u00e5lar utomhus med vattenf\u00e4rg.\"\n\t\t\t\t\t class=\" \"\n\t\t\t\t>\n\t\t\t\t<\/div>\n\n\t\t\t\t\t<\/div>\n\n\n\t\t\t\t<div class=\"row\" id=\"images-module-gallery\">\n\t\t\t<div class=\"col-md-12 text-center\">\n\n\t\t\t\t<button   class=\"\n\t\t\t\td-none\t\t\t\tbtn px-4\n\t\t\t\t\t\t\t\tmy-2\n\t\t\t\tm-m-auto\n\t\t\t\ttext-center\">\n\t\t\t\t\tVisa alla bilder\n\t\t\t\t<\/button>\n\t\t\t<\/div>\n\t\t<\/div>\n\n\n\t<\/div>\n\n\t\n\n\n<script>\n\tvar images_display_descriptive_text = \"\";\n<\/script>\n\t\t\t\t\t<div class=\"container core-heading\">\n\t\t\t\t\t\t<div class=\"row\">\n\t\t\t\t\t\t\t<div class=\"col-12\">\n\t\t\t\t\t\t\t\t\n<h2 class=\"wp-block-heading\">V\u00e4cker nyfikenhet utifr\u00e5n olika omr\u00e5den<\/h2>\n\t\t\t\t\t\t\t<\/div>\n\t\t\t\t\t\t<\/div>\n\t\t\t\t\t<\/div>\n\t\t\t\t\t\t\t\t\t\t<div class=\"container core-paragraph\">\n\t\t\t\t\t\t<div class=\"row\">\n\t\t\t\t\t\t\t<div class=\"col-12\">\n\t\t\t\t\t\t\t\t\n<p>V\u00e5ra l\u00e4rmilj\u00f6er beh\u00f6ver inte vara bundna till rum, utan \u00e4r flexibla och utg\u00e5r fr\u00e5n barnens behov och utforskande. Hos oss f\u00e5r pedagogerna m\u00f6jlighet att f\u00f6rvandla varje milj\u00f6 till en l\u00e4rmilj\u00f6 oavsett om barnen befinner sig p\u00e5 f\u00f6rskolan, i naturen eller i n\u00e4romr\u00e5det.<\/p>\n\t\t\t\t\t\t\t<\/div>\n\t\t\t\t\t\t<\/div>\n\t\t\t\t\t<\/div>\n\t\t\t\t\t\t\t\t\t\t<div class=\"container core-heading\">\n\t\t\t\t\t\t<div class=\"row\">\n\t\t\t\t\t\t\t<div class=\"col-12\">\n\t\t\t\t\t\t\t\t\n<h2 class=\"wp-block-heading\">Barnens intressen p\u00e5verkar&nbsp;<\/h2>\n\t\t\t\t\t\t\t<\/div>\n\t\t\t\t\t\t<\/div>\n\t\t\t\t\t<\/div>\n\t\t\t\t\t\t\t\t\t\t<div class=\"container core-paragraph\">\n\t\t\t\t\t\t<div class=\"row\">\n\t\t\t\t\t\t\t<div class=\"col-12\">\n\t\t\t\t\t\t\t\t\n<p>V\u00e5ra kompetenta pedagoger planerar och organiserar f\u00f6rskolans l\u00e4rmilj\u00f6 noga s\u00e5 att den passar barngruppen. Det finns ett syfte med varje material och dess plats, och milj\u00f6erna ska st\u00e4ndigt formas och utvecklas utifr\u00e5n barnens egna fr\u00e5gor och intressen.<\/p>\n\t\t\t\t\t\t\t<\/div>\n\t\t\t\t\t\t<\/div>\n\t\t\t\t\t<\/div>\n\t\t\t\t\t\t\t\t\t\t<div class=\"container core-heading\">\n\t\t\t\t\t\t<div class=\"row\">\n\t\t\t\t\t\t\t<div class=\"col-12\">\n\t\t\t\t\t\t\t\t\n<h2 class=\"wp-block-heading\">Arrangerat och spontant l\u00e4rande&nbsp;<\/h2>\n\t\t\t\t\t\t\t<\/div>\n\t\t\t\t\t\t<\/div>\n\t\t\t\t\t<\/div>\n\t\t\t\t\t\t\t\t\t\t<div class=\"container core-paragraph\">\n\t\t\t\t\t\t<div class=\"row\">\n\t\t\t\t\t\t\t<div class=\"col-12\">\n\t\t\t\t\t\t\t\t\n<p>En bra l\u00e4rmilj\u00f6 skapas varje dag i m\u00f6tet mellan barn och pedagoger, men det \u00e4r alltid v\u00e5ra pedagogers medvetna val och f\u00f6rh\u00e5llningss\u00e4tt som gynnar barnens l\u00e4rande. L\u00e4randet kan b\u00e5de arrangeras i form av aktiviteter och ske spontant i vardagliga situationer; till exempel vid p\u00e5kl\u00e4dning, toalettbes\u00f6k och m\u00e5ltider.<\/p>\n\t\t\t\t\t\t\t<\/div>\n\t\t\t\t\t\t<\/div>\n\t\t\t\t\t<\/div>\n\t\t\t\t\t\t\t\t\t\t<div class=\"container core-heading\">\n\t\t\t\t\t\t<div class=\"row\">\n\t\t\t\t\t\t\t<div class=\"col-12\">\n\t\t\t\t\t\t\t\t\n<h2 class=\"wp-block-heading\">Barnets h\u00e4lsa i fokus&nbsp;<\/h2>\n\t\t\t\t\t\t\t<\/div>\n\t\t\t\t\t\t<\/div>\n\t\t\t\t\t<\/div>\n\t\t\t\t\t\t\t\t\t\t<div class=\"container core-paragraph\">\n\t\t\t\t\t\t<div class=\"row\">\n\t\t\t\t\t\t\t<div class=\"col-12\">\n\t\t\t\t\t\t\t\t\n<p>I v\u00e5rt arbete f\u00f6r en god barnh\u00e4lsa \u00e4r den medvetna utformningen av barnens l\u00e4rmilj\u00f6er en viktig del. I Pysslingen F\u00f6rskolor ska l\u00e4rmilj\u00f6erna alltid vara utformade s\u00e5 att varje barn kan m\u00e5 bra, utmanas och utvecklas under hela sin f\u00f6rskoletid.<\/p>\n\t\t\t\t\t\t\t<\/div>\n\t\t\t\t\t\t<\/div>\n\t\t\t\t\t<\/div>\n\t\t\t\t\t\t\t\t\t\t<div class=\"container core-spacer\">\n\t\t\t\t\t\t<div class=\"row\">\n\t\t\t\t\t\t\t<div class=\"col-12\">\n\t\t\t\t\t\t\t\t\n<div style=\"height:49px\" aria-hidden=\"true\" class=\"wp-block-spacer\"><\/div>\n\t\t\t\t\t\t\t<\/div>\n\t\t\t\t\t\t<\/div>\n\t\t\t\t\t<\/div>\n\t\t\t\t\t\t<\/div>\n\n\t\n\n\n\n<section  class=\"ams-cta ams-cta--stacked c-block l-stacked\">\n\t<div class=\"l-container l-stack l-stack-fluid-2xl u-pt-fluid-md-xl u-pb-fluid-3xl-6xl is-center is-center@md\">\n\t\t\t\t\t<div class=\"ams-cta__intro l-stack l-stack-lg\">\n\t\t\t\t\t\n\t<h2\n\tclass=\"c-heading u-font-title-1 \"\n\tstyle=\"\">\n\t\t\n\t\t\t\t\tL\u00e4s ocks\u00e5 om v\u00e5r Trygghetsvandring\n\t\t\t\t\n\t<\/h2>\n\n\t\t\t\t\t\t\t<\/div>\n\t\t\n\t\t\n\t\t\t<div class=\"ams-cta__action u-inline-items\">\n\t\t\t\t\t\t\t\n\n\n<a href=\"https:\/\/pysslingen.se\/bjorngarden\/trygghetsvandring\/\"\n\t\n\tclass=\"c-btn \"\n\tdata-style=\"rounded\"\n\tdata-size=\"md\"\n\tdata-width=\"full-mobile\"\n\tdata-variant=\"default\"\n\ttarget=\"_self\">\n\t\t\t<span class=\"label\"> L\u00e4s mer om trygghetsvandringen<\/span>\n\t\t\t<\/a>\n\t\t\t<\/div>\n\t<\/div>\n\n\t\t\n\n<\/section>\n","protected":false},"excerpt":{"rendered":"<p>Inspirerande l\u00e4rmilj\u00f6er p\u00e5 f\u00f6rskolan Bj\u00f6rng\u00e5rden<\/p>\n","protected":false},"author":5,"featured_media":0,"parent":0,"menu_order":0,"comment_status":"closed","ping_status":"closed","template":"","meta":{"footnotes":""},"yoast_head":"<!-- This site is optimized with the Yoast SEO plugin v22.0 - https:\/\/yoast.com\/wordpress\/plugins\/seo\/ -->\n<title>Inspirerande l\u00e4rmilj\u00f6er p\u00e5 Bj\u00f6rng\u00e5rden<\/title>\n<meta name=\"description\" content=\"L\u00e4rmilj\u00f6erna i alla Pysslingens f\u00f6rskolor \u00e4r uppbyggda f\u00f6r att ge ditt barn b\u00e4sta m\u00f6jliga f\u00f6ruts\u00e4ttningar f\u00f6r lek, utforskande och kreativitet.\" \/>\n<meta name=\"robots\" content=\"index, follow, max-snippet:-1, max-image-preview:large, max-video-preview:-1\" \/>\n<link rel=\"canonical\" href=\"https:\/\/pysslingen.se\/bjorngarden\/larmiljoer\/\" \/>\n<meta property=\"og:locale\" content=\"sv_SE\" \/>\n<meta property=\"og:type\" content=\"article\" \/>\n<meta property=\"og:title\" content=\"Inspirerande l\u00e4rmilj\u00f6er p\u00e5 Bj\u00f6rng\u00e5rden\" \/>\n<meta property=\"og:description\" content=\"L\u00e4rmilj\u00f6erna i alla Pysslingens f\u00f6rskolor \u00e4r uppbyggda f\u00f6r att ge ditt barn b\u00e4sta m\u00f6jliga f\u00f6ruts\u00e4ttningar f\u00f6r lek, utforskande och kreativitet.\" \/>\n<meta property=\"og:url\" content=\"https:\/\/pysslingen.se\/bjorngarden\/larmiljoer\/\" \/>\n<meta property=\"og:site_name\" content=\"Bj\u00f6rng\u00e5rden\" \/>\n<meta property=\"article:modified_time\" content=\"2024-12-20T12:53:13+00:00\" \/>\n<meta name=\"twitter:card\" content=\"summary_large_image\" \/>\n<meta name=\"twitter:title\" content=\"Inspirerande l\u00e4rmilj\u00f6er p\u00e5 Bj\u00f6rng\u00e5rden\" \/>\n<meta name=\"twitter:description\" content=\"L\u00e4rmilj\u00f6erna i alla Pysslingens f\u00f6rskolor \u00e4r uppbyggda f\u00f6r att ge ditt barn b\u00e4sta m\u00f6jliga f\u00f6ruts\u00e4ttningar f\u00f6r lek, utforskande och kreativitet.\" \/>\n<meta name=\"twitter:label1\" content=\"Ber\u00e4knad l\u00e4stid\" \/>\n\t<meta name=\"twitter:data1\" content=\"1 minut\" \/>\n<script type=\"application\/ld+json\" class=\"yoast-schema-graph\">{\"@context\":\"https:\/\/schema.org\",\"@graph\":[{\"@type\":\"WebPage\",\"@id\":\"https:\/\/pysslingen.se\/bjorngarden\/larmiljoer\/\",\"url\":\"https:\/\/pysslingen.se\/bjorngarden\/larmiljoer\/\",\"name\":\"Inspirerande l\u00e4rmilj\u00f6er p\u00e5 Bj\u00f6rng\u00e5rden\",\"isPartOf\":{\"@id\":\"https:\/\/pysslingen.se\/bjorngarden\/#website\"},\"datePublished\":\"2020-10-22T14:58:35+00:00\",\"dateModified\":\"2024-12-20T12:53:13+00:00\",\"description\":\"L\u00e4rmilj\u00f6erna i alla Pysslingens f\u00f6rskolor \u00e4r uppbyggda f\u00f6r att ge ditt barn b\u00e4sta m\u00f6jliga f\u00f6ruts\u00e4ttningar f\u00f6r lek, utforskande och kreativitet.\",\"breadcrumb\":{\"@id\":\"https:\/\/pysslingen.se\/bjorngarden\/larmiljoer\/#breadcrumb\"},\"inLanguage\":\"sv-SE\",\"potentialAction\":[{\"@type\":\"ReadAction\",\"target\":[\"https:\/\/pysslingen.se\/bjorngarden\/larmiljoer\/\"]}]},{\"@type\":\"BreadcrumbList\",\"@id\":\"https:\/\/pysslingen.se\/bjorngarden\/larmiljoer\/#breadcrumb\",\"itemListElement\":[{\"@type\":\"ListItem\",\"position\":1,\"name\":\"Start\",\"item\":\"https:\/\/pysslingen.se\/bjorngarden\/\"},{\"@type\":\"ListItem\",\"position\":2,\"name\":\"L\u00e4rmilj\u00f6er\"}]},{\"@type\":\"WebSite\",\"@id\":\"https:\/\/pysslingen.se\/bjorngarden\/#website\",\"url\":\"https:\/\/pysslingen.se\/bjorngarden\/\",\"name\":\"Bj\u00f6rng\u00e5rden\",\"description\":\"En trygg och stimulerande v\u00e4rld\",\"publisher\":{\"@id\":\"https:\/\/pysslingen.se\/bjorngarden\/#organization\"},\"potentialAction\":[{\"@type\":\"SearchAction\",\"target\":{\"@type\":\"EntryPoint\",\"urlTemplate\":\"https:\/\/pysslingen.se\/bjorngarden\/?s={search_term_string}\"},\"query-input\":\"required name=search_term_string\"}],\"inLanguage\":\"sv-SE\"},{\"@type\":\"Organization\",\"@id\":\"https:\/\/pysslingen.se\/bjorngarden\/#organization\",\"name\":\"Pysslingen F\u00f6rskolor\",\"url\":\"https:\/\/pysslingen.se\/bjorngarden\/\",\"logo\":{\"@type\":\"ImageObject\",\"inLanguage\":\"sv-SE\",\"@id\":\"https:\/\/pysslingen.se\/bjorngarden\/#\/schema\/logo\/image\/\",\"url\":\"https:\/\/pysslingen.se\/wp-content\/uploads\/2021\/05\/pysslingen-forskolor.png\",\"contentUrl\":\"https:\/\/pysslingen.se\/wp-content\/uploads\/2021\/05\/pysslingen-forskolor.png\",\"width\":1120,\"height\":630,\"caption\":\"Pysslingen F\u00f6rskolor\"},\"image\":{\"@id\":\"https:\/\/pysslingen.se\/bjorngarden\/#\/schema\/logo\/image\/\"}}]}<\/script>\n<!-- \/ Yoast SEO plugin. -->","yoast_head_json":{"title":"Inspirerande l\u00e4rmilj\u00f6er p\u00e5 Bj\u00f6rng\u00e5rden","description":"L\u00e4rmilj\u00f6erna i alla Pysslingens f\u00f6rskolor \u00e4r uppbyggda f\u00f6r att ge ditt barn b\u00e4sta m\u00f6jliga f\u00f6ruts\u00e4ttningar f\u00f6r lek, utforskande och kreativitet.","robots":{"index":"index","follow":"follow","max-snippet":"max-snippet:-1","max-image-preview":"max-image-preview:large","max-video-preview":"max-video-preview:-1"},"canonical":"https:\/\/pysslingen.se\/bjorngarden\/larmiljoer\/","og_locale":"sv_SE","og_type":"article","og_title":"Inspirerande l\u00e4rmilj\u00f6er p\u00e5 Bj\u00f6rng\u00e5rden","og_description":"L\u00e4rmilj\u00f6erna i alla Pysslingens f\u00f6rskolor \u00e4r uppbyggda f\u00f6r att ge ditt barn b\u00e4sta m\u00f6jliga f\u00f6ruts\u00e4ttningar f\u00f6r lek, utforskande och kreativitet.","og_url":"https:\/\/pysslingen.se\/bjorngarden\/larmiljoer\/","og_site_name":"Bj\u00f6rng\u00e5rden","article_modified_time":"2024-12-20T12:53:13+00:00","twitter_card":"summary_large_image","twitter_title":"Inspirerande l\u00e4rmilj\u00f6er p\u00e5 Bj\u00f6rng\u00e5rden","twitter_description":"L\u00e4rmilj\u00f6erna i alla Pysslingens f\u00f6rskolor \u00e4r uppbyggda f\u00f6r att ge ditt barn b\u00e4sta m\u00f6jliga f\u00f6ruts\u00e4ttningar f\u00f6r lek, utforskande och kreativitet.","twitter_misc":{"Ber\u00e4knad l\u00e4stid":"1 minut"},"schema":{"@context":"https:\/\/schema.org","@graph":[{"@type":"WebPage","@id":"https:\/\/pysslingen.se\/bjorngarden\/larmiljoer\/","url":"https:\/\/pysslingen.se\/bjorngarden\/larmiljoer\/","name":"Inspirerande l\u00e4rmilj\u00f6er p\u00e5 Bj\u00f6rng\u00e5rden","isPartOf":{"@id":"https:\/\/pysslingen.se\/bjorngarden\/#website"},"datePublished":"2020-10-22T14:58:35+00:00","dateModified":"2024-12-20T12:53:13+00:00","description":"L\u00e4rmilj\u00f6erna i alla Pysslingens f\u00f6rskolor \u00e4r uppbyggda f\u00f6r att ge ditt barn b\u00e4sta m\u00f6jliga f\u00f6ruts\u00e4ttningar f\u00f6r lek, utforskande och kreativitet.","breadcrumb":{"@id":"https:\/\/pysslingen.se\/bjorngarden\/larmiljoer\/#breadcrumb"},"inLanguage":"sv-SE","potentialAction":[{"@type":"ReadAction","target":["https:\/\/pysslingen.se\/bjorngarden\/larmiljoer\/"]}]},{"@type":"BreadcrumbList","@id":"https:\/\/pysslingen.se\/bjorngarden\/larmiljoer\/#breadcrumb","itemListElement":[{"@type":"ListItem","position":1,"name":"Start","item":"https:\/\/pysslingen.se\/bjorngarden\/"},{"@type":"ListItem","position":2,"name":"L\u00e4rmilj\u00f6er"}]},{"@type":"WebSite","@id":"https:\/\/pysslingen.se\/bjorngarden\/#website","url":"https:\/\/pysslingen.se\/bjorngarden\/","name":"Bj\u00f6rng\u00e5rden","description":"En trygg och stimulerande v\u00e4rld","publisher":{"@id":"https:\/\/pysslingen.se\/bjorngarden\/#organization"},"potentialAction":[{"@type":"SearchAction","target":{"@type":"EntryPoint","urlTemplate":"https:\/\/pysslingen.se\/bjorngarden\/?s={search_term_string}"},"query-input":"required name=search_term_string"}],"inLanguage":"sv-SE"},{"@type":"Organization","@id":"https:\/\/pysslingen.se\/bjorngarden\/#organization","name":"Pysslingen F\u00f6rskolor","url":"https:\/\/pysslingen.se\/bjorngarden\/","logo":{"@type":"ImageObject","inLanguage":"sv-SE","@id":"https:\/\/pysslingen.se\/bjorngarden\/#\/schema\/logo\/image\/","url":"https:\/\/pysslingen.se\/wp-content\/uploads\/2021\/05\/pysslingen-forskolor.png","contentUrl":"https:\/\/pysslingen.se\/wp-content\/uploads\/2021\/05\/pysslingen-forskolor.png","width":1120,"height":630,"caption":"Pysslingen F\u00f6rskolor"},"image":{"@id":"https:\/\/pysslingen.se\/bjorngarden\/#\/schema\/logo\/image\/"}}]}},"_links":{"self":[{"href":"https:\/\/pysslingen.se\/bjorngarden\/wp-json\/wp\/v2\/pages\/664"}],"collection":[{"href":"https:\/\/pysslingen.se\/bjorngarden\/wp-json\/wp\/v2\/pages"}],"about":[{"href":"https:\/\/pysslingen.se\/bjorngarden\/wp-json\/wp\/v2\/types\/page"}],"author":[{"embeddable":true,"href":"https:\/\/pysslingen.se\/bjorngarden\/wp-json\/wp\/v2\/users\/5"}],"replies":[{"embeddable":true,"href":"https:\/\/pysslingen.se\/bjorngarden\/wp-json\/wp\/v2\/comments?post=664"}],"version-history":[{"count":10,"href":"https:\/\/pysslingen.se\/bjorngarden\/wp-json\/wp\/v2\/pages\/664\/revisions"}],"predecessor-version":[{"id":1696,"href":"https:\/\/pysslingen.se\/bjorngarden\/wp-json\/wp\/v2\/pages\/664\/revisions\/1696"}],"wp:attachment":[{"href":"https:\/\/pysslingen.se\/bjorngarden\/wp-json\/wp\/v2\/media?parent=664"}],"curies":[{"name":"wp","href":"https:\/\/api.w.org\/{rel}","templated":true}]}}