{"id":209,"date":"2020-10-01T11:27:44","date_gmt":"2020-10-01T11:27:44","guid":{"rendered":"https:\/\/pysslingen.se\/backen\/?page_id=209"},"modified":"2025-04-09T12:48:22","modified_gmt":"2025-04-09T10:48:22","slug":"samverkan-med-hemmet","status":"publish","type":"page","link":"https:\/\/pysslingen.se\/backen\/samverkan-med-hemmet\/","title":{"rendered":"Samverkan med hemmet"},"content":{"rendered":"\t<div\n\t\t class=\"module_wrapper container-fluid images-module\" >\n\t\t<div class=\"row\">\n\t\t\t<div\n\t\t\t\t\tclass=\"col-12 m-0 p-0 position-relative images_module__slideshow images_module__slideshow-container module-expand \">\n\n\t\t\t\t<div class=\"images_module__slide \" data-slide=\"\"\n\t\t\t\t\t data-duration=\"\"><\/div>\n\t\t\t\t\t\t\t\t\t<div\n\t\t\t\t\t\t class=\"images_module__slides \">\n\n\n\t\t\t\t\t\t<div class=\"images__wrapper\"\n\t\t\t\t\t\t\t style=\"aspect-ratio: 1441 \/ 531;\">\n\t\t\t\t\t\t\t<img decoding=\"async\" width=\"2500\" height=\"1308\" src=\"https:\/\/pysslingen.se\/wp-content\/uploads\/sites\/117\/2020\/10\/1pysslingenannonsmateriall1200x628.png\" class=\"images__image_ratio  \" alt=\"Pyss kommer med sin pappa till f\u00f6rskolan Pysslingen\" style=\"aspect-ratio: 1441 \/ 531;object-position: _center-center;\" srcset=\"https:\/\/pysslingen.se\/wp-content\/uploads\/sites\/117\/2020\/10\/1pysslingenannonsmateriall1200x628.png 2500w, https:\/\/pysslingen.se\/wp-content\/uploads\/sites\/117\/2020\/10\/1pysslingenannonsmateriall1200x628-300x157.png 300w, https:\/\/pysslingen.se\/wp-content\/uploads\/sites\/117\/2020\/10\/1pysslingenannonsmateriall1200x628-1024x536.png 1024w, https:\/\/pysslingen.se\/wp-content\/uploads\/sites\/117\/2020\/10\/1pysslingenannonsmateriall1200x628-768x402.png 768w, https:\/\/pysslingen.se\/wp-content\/uploads\/sites\/117\/2020\/10\/1pysslingenannonsmateriall1200x628-1536x804.png 1536w, https:\/\/pysslingen.se\/wp-content\/uploads\/sites\/117\/2020\/10\/1pysslingenannonsmateriall1200x628-2048x1072.png 2048w, https:\/\/pysslingen.se\/wp-content\/uploads\/sites\/117\/2020\/10\/1pysslingenannonsmateriall1200x628-1920x1005.png 1920w, https:\/\/pysslingen.se\/wp-content\/uploads\/sites\/117\/2020\/10\/1pysslingenannonsmateriall1200x628-1100x576.png 1100w, https:\/\/pysslingen.se\/wp-content\/uploads\/sites\/117\/2020\/10\/1pysslingenannonsmateriall1200x628-1000x523.png 1000w\" sizes=\"(max-width: 2500px) 100vw, 2500px\" \/>\t\t\t\t\t\t<\/div>\n\n\t\t\t\t\t\t\n\t\t\t\t\t\t\t\t\t\t\t<\/div>\n\t\t\t\t\n\t\t\t\t<div class=\"images_module__container_dot \">\n\t\t\t\t\t<div style=\"text-align:center\">\n\t\t\t\t\t\t\t\t\t\t\t\t\t<span   data-i=\"0\"\n\t\t\t\t\t\t\t\t  class=\"images_module__dot\n\t\t\t\t\t\t\t\t\t\t\t\t\t  \"><\/span>\n\t\t\t\t\t\t\t\t\t\t\t<\/div>\n\t\t\t\t<\/div>\n\n\t\t\t<\/div>\n\t\t<\/div>\n\t<\/div>\n\n\n\t\n\n\n<script>\n\tvar images_display_descriptive_text = \"\";\n<\/script>\n\n\n\n<div style=\"height:20px\" aria-hidden=\"true\" class=\"wp-block-spacer\"><\/div>\n\n\n\n<div style=\"height:20px\" aria-hidden=\"true\" class=\"wp-block-spacer\"><\/div>\n\n\n\n<h1 class=\"wp-block-heading\">V\u00e5r kontakt med dig som v\u00e5rdnadshavare<\/h1>\n\n\n\n<p   class=\"site__ingress container text-left  site__text-color--dark  site__free_text--ingress p-0\">\n\tAtt samarbetet mellan f\u00f6rskola och v\u00e5rdnadshavare fungerar bra \u00e4r viktigt f\u00f6r barnet och som v\u00e5rdnadshavare har du m\u00f6jlighet att f\u00e5 information, delaktighet och inflytande genom nedan n\u00e4mnda planerade forum. Genom en god och regelbunden kommunikation kan du vara med och p\u00e5verka ditt barns utveckling och l\u00e4rande p\u00e5 f\u00f6rskolan.<\/p>\n\n\n\n\n\n<p><\/p>\n\n\n\n<p>Hos oss \u00e4r det viktigt att skapa relation till barnens familjer d\u00e5 vi ser att det har betydelse f\u00f6r barnets och barngruppens l\u00e4rande. Vi uppmuntrar familjens delaktighet i verksamheten och ser g\u00e4rna att barnets n\u00e4rst\u00e5ende vuxna \u00e4r med under en dag p\u00e5 f\u00f6rskolan.<\/p>\n\n\n\n<h2 class=\"wp-block-heading\">Det dagliga m\u00f6tet<\/h2>\n\n\n\n<p>Varje dag s\u00e4kerst\u00e4ller arbetslaget att barnens l\u00e4rande och lek dokumenteras i dagrapporter och du som n\u00e4rst\u00e5ende vuxen f\u00e5r en muntlig rapport om vad barnet har varit med om under dagen. Vad har barnet tyckt om? Vad har f\u00e5ngat barnets intresse? Vilka f\u00f6rm\u00e5gor har utmanats idag? Vad h\u00e4nder i det sociala samspelet? Tillsammans med barnet ber\u00e4ttar pedagogen f\u00f6r er. Sedan kan ni samtala vidare kring barnets upplevelser p\u00e5 v\u00e4gen hem.<\/p>\n\n\n\n<h2 class=\"wp-block-heading\">Pedagogisk dokumentation<\/h2>\n\n\n\n<p>Arbetslaget har metoder f\u00f6r att observera och dokumentera de l\u00e4roprocesser som sker i barngruppen. f\u00f6r att kunna kommunicera det b\u00e5de till barn, n\u00e4rst\u00e5ende vuxna och f\u00f6rskolans pedagoger. Vi g\u00f6r f\u00f6r\u00e4ldrarna delaktiga i barnens projekt, d\u00e5 vi ser att det ger kraft \u00e5t barnens processer och unders\u00f6kande p\u00e5 f\u00f6rskolan. Vi h\u00e4nger upp pedagogiska dokumentationer med bilder och text p\u00e5 avdelningarna. D\u00e5 blir barnen delaktiga i sina egna processer och f\u00e5r en m\u00f6jlighet att p\u00e5verka planeringen av verksamheten.<\/p>\n\n\n\n<h2 class=\"wp-block-heading\">Utvecklingssamtal<\/h2>\n\n\n\n<p>Vid utvecklingssamtal ges v\u00e5rdnadshavarna m\u00f6jlighet att reflektera \u00f6ver sina barns f\u00f6rm\u00e5gor p\u00e5 f\u00f6rskolan och uttrycka sina upplevelser av f\u00f6rskolans utbildning och hur vi utmanar deras barn till nya erfarenheter.&nbsp;<\/p>\n\n\n\n<h2 class=\"wp-block-heading\">F\u00f6r\u00e4ldram\u00f6ten<\/h2>\n\n\n\n<p>P\u00e5 v\u00e5ra f\u00f6r\u00e4ldram\u00f6ten g\u00f6r vi bland annat v\u00e5rdnadshavarna delaktiga i f\u00f6rskolans arbete mot diskriminering och kr\u00e4nkande behandling. Detta kan exempelvis ske genom diskussionsgrupper eller kartl\u00e4ggning i milj\u00f6erna. Vi anv\u00e4nder ocks\u00e5 f\u00f6r\u00e4ldram\u00f6tet f\u00f6r att ge f\u00f6r\u00e4ldrarna en inblick i de projekt barnen \u00e4r inne.&nbsp;<\/p>\n\n\n\n<h2 class=\"wp-block-heading\">\u00c5rlig kundunders\u00f6kning<\/h2>\n\n\n\n<p>Varje \u00e5r f\u00e5r du som v\u00e5rdnadshavare svara p\u00e5 enk\u00e4ter om f\u00f6rskolan och v\u00e5r verksamhet. Det h\u00e4r \u00e4r ett viktigt verktyg f\u00f6r v\u00e5rt systematiska kvalitetsarbete och utveckling fram\u00e5t. <a href=\"https:\/\/pysslingen.se\/backen\/resultat\/\">Resultatet<\/a> av enk\u00e4ten presenteras p\u00e5 v\u00e5rens f\u00f6r\u00e4ldram\u00f6te.<\/p>\n\n\n\n<div style=\"height:20px\" aria-hidden=\"true\" class=\"wp-block-spacer\"><\/div>\n\n\n\n\n<section  class=\"ams-cta ams-cta--stacked c-block l-stacked\">\n\t<div class=\"l-container l-stack l-stack-fluid-2xl u-pt-fluid-3xl-6xl u-pb-fluid-3xl-6xl is-center is-center@md\">\n\t\t\t\t\t<div class=\"ams-cta__intro l-stack l-stack-lg\">\n\t\t\t\t\t\n\t<h2\n\tclass=\"c-heading u-font-title-1 \"\n\tstyle=\"\">\n\t\t\n\t\t\t\t\tDu som v\u00e5rdnadshavare spelar en viktig roll vid inskolningen\n\t\t\t\t\n\t<\/h2>\n\n\t\t\t\t\t\t\t<\/div>\n\t\t\n\t\t\n\t\t\t<div class=\"ams-cta__action u-inline-items\">\n\t\t\t\t\t\t\t\n\n\n<a href=\"https:\/\/pysslingen.se\/backen\/inskolning\/\"\n\t\n\tclass=\"c-btn \"\n\tdata-style=\"rounded\"\n\tdata-size=\"md\"\n\tdata-width=\"full-mobile\"\n\tdata-variant=\"default\"\n\ttarget=\"_self\">\n\t\t\t<span class=\"label\"> L\u00e4s mer om inskolning<\/span>\n\t\t\t<\/a>\n\t\t\t<\/div>\n\t<\/div>\n\n\t\t\n\n<\/section>\n","protected":false},"excerpt":{"rendered":"<p>V\u00e5r kontakt med dig som v\u00e5rdnadshavare Hos oss \u00e4r det viktigt att skapa relation till barnens familjer d\u00e5 vi ser att det har betydelse f\u00f6r barnets och barngruppens l\u00e4rande. Vi uppmuntrar familjens delaktighet i verksamheten och ser g\u00e4rna att barnets n\u00e4rst\u00e5ende vuxna \u00e4r med under en dag p\u00e5 f\u00f6rskolan. Det dagliga m\u00f6tet Varje dag s\u00e4kerst\u00e4ller&#8230;<\/p>\n","protected":false},"author":5,"featured_media":0,"parent":0,"menu_order":0,"comment_status":"closed","ping_status":"closed","template":"","meta":{"footnotes":""},"yoast_head":"<!-- This site is optimized with the Yoast SEO plugin v22.0 - https:\/\/yoast.com\/wordpress\/plugins\/seo\/ -->\n<title>Hammarby Backen<\/title>\n<meta name=\"description\" content=\"Genom en god och regelbunden kommunikation kan du vara med och p\u00e5verka ditt barns utveckling och l\u00e4rande p\u00e5 f\u00f6rskolan Hammarby Backen.\" \/>\n<meta name=\"robots\" content=\"index, follow, max-snippet:-1, max-image-preview:large, max-video-preview:-1\" \/>\n<link rel=\"canonical\" href=\"https:\/\/pysslingen.se\/backen\/samverkan-med-hemmet\/\" \/>\n<meta property=\"og:locale\" content=\"sv_SE\" \/>\n<meta property=\"og:type\" content=\"article\" \/>\n<meta property=\"og:description\" content=\"Genom en god och regelbunden kommunikation kan du vara med och p\u00e5verka ditt barns utveckling och l\u00e4rande p\u00e5 f\u00f6rskolan Hammarby Backen.\" \/>\n<meta property=\"og:url\" content=\"https:\/\/pysslingen.se\/backen\/samverkan-med-hemmet\/\" \/>\n<meta property=\"og:site_name\" content=\"Hammarby Backen\" \/>\n<meta property=\"article:modified_time\" content=\"2025-04-09T10:48:22+00:00\" \/>\n<meta name=\"twitter:card\" content=\"summary_large_image\" \/>\n<meta name=\"twitter:description\" content=\"Genom en god och regelbunden kommunikation kan du vara med och p\u00e5verka ditt barns utveckling och l\u00e4rande p\u00e5 f\u00f6rskolan Hammarby Backen.\" \/>\n<meta name=\"twitter:image\" content=\"https:\/\/pysslingen.se\/wp-content\/uploads\/sites\/117\/2020\/10\/1pysslingenannonsmateriall1200x628.png\" \/>\n<meta name=\"twitter:label1\" content=\"Ber\u00e4knad l\u00e4stid\" \/>\n\t<meta name=\"twitter:data1\" content=\"2 minuter\" \/>\n<script type=\"application\/ld+json\" class=\"yoast-schema-graph\">{\"@context\":\"https:\/\/schema.org\",\"@graph\":[{\"@type\":\"WebPage\",\"@id\":\"https:\/\/pysslingen.se\/backen\/samverkan-med-hemmet\/\",\"url\":\"https:\/\/pysslingen.se\/backen\/samverkan-med-hemmet\/\",\"name\":\"Samverkan med hemmet - Hammarby Backen\",\"isPartOf\":{\"@id\":\"https:\/\/pysslingen.se\/backen\/#website\"},\"datePublished\":\"2020-10-01T11:27:44+00:00\",\"dateModified\":\"2025-04-09T10:48:22+00:00\",\"description\":\"Genom en god och regelbunden kommunikation kan du vara med och p\u00e5verka ditt barns utveckling och l\u00e4rande p\u00e5 f\u00f6rskolan Hammarby Backen.\",\"breadcrumb\":{\"@id\":\"https:\/\/pysslingen.se\/backen\/samverkan-med-hemmet\/#breadcrumb\"},\"inLanguage\":\"sv-SE\",\"potentialAction\":[{\"@type\":\"ReadAction\",\"target\":[\"https:\/\/pysslingen.se\/backen\/samverkan-med-hemmet\/\"]}]},{\"@type\":\"BreadcrumbList\",\"@id\":\"https:\/\/pysslingen.se\/backen\/samverkan-med-hemmet\/#breadcrumb\",\"itemListElement\":[{\"@type\":\"ListItem\",\"position\":1,\"name\":\"Start\",\"item\":\"https:\/\/pysslingen.se\/backen\/\"},{\"@type\":\"ListItem\",\"position\":2,\"name\":\"Samverkan med hemmet\"}]},{\"@type\":\"WebSite\",\"@id\":\"https:\/\/pysslingen.se\/backen\/#website\",\"url\":\"https:\/\/pysslingen.se\/backen\/\",\"name\":\"Hammarby Backen\",\"description\":\"En trygg och stimulerande v\u00e4rld\",\"publisher\":{\"@id\":\"https:\/\/pysslingen.se\/backen\/#organization\"},\"potentialAction\":[{\"@type\":\"SearchAction\",\"target\":{\"@type\":\"EntryPoint\",\"urlTemplate\":\"https:\/\/pysslingen.se\/backen\/?s={search_term_string}\"},\"query-input\":\"required name=search_term_string\"}],\"inLanguage\":\"sv-SE\"},{\"@type\":\"Organization\",\"@id\":\"https:\/\/pysslingen.se\/backen\/#organization\",\"name\":\"Pysslingen F\u00f6rskolor\",\"url\":\"https:\/\/pysslingen.se\/backen\/\",\"logo\":{\"@type\":\"ImageObject\",\"inLanguage\":\"sv-SE\",\"@id\":\"https:\/\/pysslingen.se\/backen\/#\/schema\/logo\/image\/\",\"url\":\"https:\/\/pysslingen.se\/wp-content\/uploads\/2021\/05\/pysslingen-forskolor.png\",\"contentUrl\":\"https:\/\/pysslingen.se\/wp-content\/uploads\/2021\/05\/pysslingen-forskolor.png\",\"width\":1120,\"height\":630,\"caption\":\"Pysslingen F\u00f6rskolor\"},\"image\":{\"@id\":\"https:\/\/pysslingen.se\/backen\/#\/schema\/logo\/image\/\"}}]}<\/script>\n<!-- \/ Yoast SEO plugin. -->","yoast_head_json":{"title":"Hammarby Backen","description":"Genom en god och regelbunden kommunikation kan du vara med och p\u00e5verka ditt barns utveckling och l\u00e4rande p\u00e5 f\u00f6rskolan Hammarby Backen.","robots":{"index":"index","follow":"follow","max-snippet":"max-snippet:-1","max-image-preview":"max-image-preview:large","max-video-preview":"max-video-preview:-1"},"canonical":"https:\/\/pysslingen.se\/backen\/samverkan-med-hemmet\/","og_locale":"sv_SE","og_type":"article","og_description":"Genom en god och regelbunden kommunikation kan du vara med och p\u00e5verka ditt barns utveckling och l\u00e4rande p\u00e5 f\u00f6rskolan Hammarby Backen.","og_url":"https:\/\/pysslingen.se\/backen\/samverkan-med-hemmet\/","og_site_name":"Hammarby Backen","article_modified_time":"2025-04-09T10:48:22+00:00","twitter_card":"summary_large_image","twitter_description":"Genom en god och regelbunden kommunikation kan du vara med och p\u00e5verka ditt barns utveckling och l\u00e4rande p\u00e5 f\u00f6rskolan Hammarby Backen.","twitter_image":"https:\/\/pysslingen.se\/wp-content\/uploads\/sites\/117\/2020\/10\/1pysslingenannonsmateriall1200x628.png","twitter_misc":{"Ber\u00e4knad l\u00e4stid":"2 minuter"},"schema":{"@context":"https:\/\/schema.org","@graph":[{"@type":"WebPage","@id":"https:\/\/pysslingen.se\/backen\/samverkan-med-hemmet\/","url":"https:\/\/pysslingen.se\/backen\/samverkan-med-hemmet\/","name":"Samverkan med hemmet - Hammarby Backen","isPartOf":{"@id":"https:\/\/pysslingen.se\/backen\/#website"},"datePublished":"2020-10-01T11:27:44+00:00","dateModified":"2025-04-09T10:48:22+00:00","description":"Genom en god och regelbunden kommunikation kan du vara med och p\u00e5verka ditt barns utveckling och l\u00e4rande p\u00e5 f\u00f6rskolan Hammarby Backen.","breadcrumb":{"@id":"https:\/\/pysslingen.se\/backen\/samverkan-med-hemmet\/#breadcrumb"},"inLanguage":"sv-SE","potentialAction":[{"@type":"ReadAction","target":["https:\/\/pysslingen.se\/backen\/samverkan-med-hemmet\/"]}]},{"@type":"BreadcrumbList","@id":"https:\/\/pysslingen.se\/backen\/samverkan-med-hemmet\/#breadcrumb","itemListElement":[{"@type":"ListItem","position":1,"name":"Start","item":"https:\/\/pysslingen.se\/backen\/"},{"@type":"ListItem","position":2,"name":"Samverkan med hemmet"}]},{"@type":"WebSite","@id":"https:\/\/pysslingen.se\/backen\/#website","url":"https:\/\/pysslingen.se\/backen\/","name":"Hammarby Backen","description":"En trygg och stimulerande v\u00e4rld","publisher":{"@id":"https:\/\/pysslingen.se\/backen\/#organization"},"potentialAction":[{"@type":"SearchAction","target":{"@type":"EntryPoint","urlTemplate":"https:\/\/pysslingen.se\/backen\/?s={search_term_string}"},"query-input":"required name=search_term_string"}],"inLanguage":"sv-SE"},{"@type":"Organization","@id":"https:\/\/pysslingen.se\/backen\/#organization","name":"Pysslingen F\u00f6rskolor","url":"https:\/\/pysslingen.se\/backen\/","logo":{"@type":"ImageObject","inLanguage":"sv-SE","@id":"https:\/\/pysslingen.se\/backen\/#\/schema\/logo\/image\/","url":"https:\/\/pysslingen.se\/wp-content\/uploads\/2021\/05\/pysslingen-forskolor.png","contentUrl":"https:\/\/pysslingen.se\/wp-content\/uploads\/2021\/05\/pysslingen-forskolor.png","width":1120,"height":630,"caption":"Pysslingen F\u00f6rskolor"},"image":{"@id":"https:\/\/pysslingen.se\/backen\/#\/schema\/logo\/image\/"}}]}},"_links":{"self":[{"href":"https:\/\/pysslingen.se\/backen\/wp-json\/wp\/v2\/pages\/209"}],"collection":[{"href":"https:\/\/pysslingen.se\/backen\/wp-json\/wp\/v2\/pages"}],"about":[{"href":"https:\/\/pysslingen.se\/backen\/wp-json\/wp\/v2\/types\/page"}],"author":[{"embeddable":true,"href":"https:\/\/pysslingen.se\/backen\/wp-json\/wp\/v2\/users\/5"}],"replies":[{"embeddable":true,"href":"https:\/\/pysslingen.se\/backen\/wp-json\/wp\/v2\/comments?post=209"}],"version-history":[{"count":10,"href":"https:\/\/pysslingen.se\/backen\/wp-json\/wp\/v2\/pages\/209\/revisions"}],"predecessor-version":[{"id":1754,"href":"https:\/\/pysslingen.se\/backen\/wp-json\/wp\/v2\/pages\/209\/revisions\/1754"}],"wp:attachment":[{"href":"https:\/\/pysslingen.se\/backen\/wp-json\/wp\/v2\/media?parent=209"}],"curies":[{"name":"wp","href":"https:\/\/api.w.org\/{rel}","templated":true}]}}