{"id":545,"date":"2020-10-20T14:57:30","date_gmt":"2020-10-20T14:57:30","guid":{"rendered":"https:\/\/pysslingen.se\/agnesberg\/?page_id=545"},"modified":"2020-10-20T14:57:31","modified_gmt":"2020-10-20T14:57:31","slug":"klader","status":"publish","type":"page","link":"https:\/\/pysslingen.se\/agnesberg\/klader\/","title":{"rendered":"Kl\u00e4der"},"content":{"rendered":"\n\t<div class=\"module_wrapper ams_remote_pages_module \">\n\t\t\t\t\t\t\t<div class=\"container core-heading\">\n\t\t\t\t\t\t<div class=\"row\">\n\t\t\t\t\t\t\t<div class=\"col-12\">\n\t\t\t\t\t\t\t\t\n<h1 class=\"wp-block-heading\">S\u00e5 kl\u00e4r du ditt barn r\u00e4tt i f\u00f6rskolan<\/h1>\n\t\t\t\t\t\t\t<\/div>\n\t\t\t\t\t\t<\/div>\n\t\t\t\t\t<\/div>\n\t\t\t\t\t\t\t\t\t\t<div class=\"container core-paragraph\">\n\t\t\t\t\t\t<div class=\"row\">\n\t\t\t\t\t\t\t<div class=\"col-12\">\n\t\t\t\t\t\t\t\t\n<p><\/p>\n\t\t\t\t\t\t\t<\/div>\n\t\t\t\t\t\t<\/div>\n\t\t\t\t\t<\/div>\n\t\t\t\t\t\t\t\t\t\t<div class=\"container acf-preamble\">\n\t\t\t\t\t\t<div class=\"row\">\n\t\t\t\t\t\t\t<div class=\"col-12\">\n\t\t\t\t\t\t\t\t\n<p   class=\"site__ingress container text-left  site__text-color--dark  site__free_text--ingress p-0\">\n\tFunderar du \u00f6ver vad ditt barn beh\u00f6ver f\u00f6r kl\u00e4der och utrustning i f\u00f6rskolan? H\u00e4r \u00e4r v\u00e5ra 10 b\u00e4sta tips \u2013 som h\u00e5ller f\u00f6r b\u00e5de vattenplask och skogsutflykter. <\/p>\n\n\n\t\t\t\t\t\t\t<\/div>\n\t\t\t\t\t\t<\/div>\n\t\t\t\t\t<\/div>\n\t\t\t\t\t\t\t\t\t\t<div class=\"container core-spacer\">\n\t\t\t\t\t\t<div class=\"row\">\n\t\t\t\t\t\t\t<div class=\"col-12\">\n\t\t\t\t\t\t\t\t\n<div style=\"height:20px\" aria-hidden=\"true\" class=\"wp-block-spacer\"><\/div>\n\t\t\t\t\t\t\t<\/div>\n\t\t\t\t\t\t<\/div>\n\t\t\t\t\t<\/div>\n\t\t\t\t\t\t<div\n\t\t class=\"container images-module\" >\n\t\t<div class=\"row\">\n\t\t\t<div\n\t\t\t\t\tclass=\"col-12 p-0 position-relative images_module__slideshow images_module__slideshow-container \">\n\t\t\t\t<div class=\"images_module__slide\" data-slide=\"\"\n\t\t\t\t\t data-duration=\"\"><\/div>\n\t\t\t\t\t\t\t\t\t<div\n\t\t\t\t\t\t class=\"images_module__slides \">\n\n\n\t\t\t\t\t\t<div class=\"images__wrapper\" style=\"aspect-ratio: 1200 \/ 531;\">\n\t\t\t\t\t\t\t<img decoding=\"async\" width=\"800\" height=\"512\" src=\"https:\/\/pysslingen.se\/wp-content\/uploads\/2020\/09\/kladerutrustninggummistovlar.jpg\" class=\"images__image_ratio  \" alt=\"Flicka med funktionella kl\u00e4der och gummist\u00f6vlar hoppar i vattenp\u00f6l\" style=\"aspect-ratio: 1200 \/ 531;object-position: _center-center;\" srcset=\"https:\/\/pysslingen.se\/wp-content\/uploads\/2020\/09\/kladerutrustninggummistovlar.jpg 800w, https:\/\/pysslingen.se\/wp-content\/uploads\/2020\/09\/kladerutrustninggummistovlar-300x192.jpg 300w, https:\/\/pysslingen.se\/wp-content\/uploads\/2020\/09\/kladerutrustninggummistovlar-768x492.jpg 768w\" sizes=\"(max-width: 800px) 100vw, 800px\" \/>\t\t\t\t\t\t<\/div>\n\n\t\t\t\t\t\t\n\n\t\t\t\t\t\t\t\t\t\t\t<\/div>\n\t\t\t\t\n\t\t\t\t<div class=\"images_module__container_dot\">\n\t\t\t\t\t<div style=\"text-align:center\">\n\t\t\t\t\t\t\t\t\t\t\t\t\t<span   data-i=\"0\"\n\t\t\t\t\t\t\t\t  class=\"\n\t\t\t\t\t\t\timages_module__dot\n\t\t\t\t\t\t\t\t\t\t\t\t\t\t\"\n\t\t\t\t\t\t\t><\/span>\n\t\t\t\t\t\t\t\t\t\t\t<\/div>\n\t\t\t\t<\/div>\n\n\t\t\t<\/div>\n\t\t<\/div>\n\t<\/div>\n\t\n\n\n<script>\n\tvar images_display_descriptive_text = \"\";\n<\/script>\n\t\t\t\t\t<div class=\"container core-spacer\">\n\t\t\t\t\t\t<div class=\"row\">\n\t\t\t\t\t\t\t<div class=\"col-12\">\n\t\t\t\t\t\t\t\t\n<div style=\"height:20px\" aria-hidden=\"true\" class=\"wp-block-spacer\"><\/div>\n\t\t\t\t\t\t\t<\/div>\n\t\t\t\t\t\t<\/div>\n\t\t\t\t\t<\/div>\n\t\t\t\t\t\t\t\t\t\t<div class=\"container core-heading\">\n\t\t\t\t\t\t<div class=\"row\">\n\t\t\t\t\t\t\t<div class=\"col-12\">\n\t\t\t\t\t\t\t\t\n<h2 class=\"wp-block-heading\">1. Kl\u00e4der med flera funktioner f\u00f6r olika \u00e5rstider<\/h2>\n\t\t\t\t\t\t\t<\/div>\n\t\t\t\t\t\t<\/div>\n\t\t\t\t\t<\/div>\n\t\t\t\t\t\t\t\t\t\t<div class=\"container core-paragraph\">\n\t\t\t\t\t\t<div class=\"row\">\n\t\t\t\t\t\t\t<div class=\"col-12\">\n\t\t\t\t\t\t\t\t\n<p>P\u00e5 f\u00f6rskolan \u00e4r ditt barn ute i alla slags v\u00e4der, \u00e5ret om. D\u00e4rf\u00f6r kan det vara smart att investera i ett ytterplagg med flera funktioner, till exempel en overall med avtagbart innerfoder eller en vattenavst\u00f6tande vindfleecejacka. T\u00e4nk smidigt och funktionellt!<\/p>\n\t\t\t\t\t\t\t<\/div>\n\t\t\t\t\t\t<\/div>\n\t\t\t\t\t<\/div>\n\t\t\t\t\t\t\t\t\t\t<div class=\"container core-heading\">\n\t\t\t\t\t\t<div class=\"row\">\n\t\t\t\t\t\t\t<div class=\"col-12\">\n\t\t\t\t\t\t\t\t\n<h2 class=\"wp-block-heading\">2. Utrustning f\u00f6r varma dagar &#8211; solskydd, hatt och vattenflaska<\/h2>\n\t\t\t\t\t\t\t<\/div>\n\t\t\t\t\t\t<\/div>\n\t\t\t\t\t<\/div>\n\t\t\t\t\t\t\t\t\t\t<div class=\"container core-paragraph\">\n\t\t\t\t\t\t<div class=\"row\">\n\t\t\t\t\t\t\t<div class=\"col-12\">\n\t\t\t\t\t\t\t\t\n<p>N\u00e4r solen str\u00e5lar \u00e4r det bra med en keps eller solhatt som skyddar. En solkr\u00e4m m\u00e4rkt med ditt barns namn \u00e4r ocks\u00e5 bra att ha p\u00e5 hyllan. N\u00e4r det \u00e4r varmt blir man t\u00f6rstig \u2013 ta g\u00e4rna med en vattenflaska som ditt barn kan dricka ur sj\u00e4lv.<\/p>\n\t\t\t\t\t\t\t<\/div>\n\t\t\t\t\t\t<\/div>\n\t\t\t\t\t<\/div>\n\t\t\t\t\t\t\t\t\t\t<div class=\"container core-heading\">\n\t\t\t\t\t\t<div class=\"row\">\n\t\t\t\t\t\t\t<div class=\"col-12\">\n\t\t\t\t\t\t\t\t\n<h2 class=\"wp-block-heading\">3. Omv\u00e4xlande dagar &#8211; lager p\u00e5 lager<\/h2>\n\t\t\t\t\t\t\t<\/div>\n\t\t\t\t\t\t<\/div>\n\t\t\t\t\t<\/div>\n\t\t\t\t\t\t\t\t\t\t<div class=\"container core-paragraph\">\n\t\t\t\t\t\t<div class=\"row\">\n\t\t\t\t\t\t\t<div class=\"col-12\">\n\t\t\t\t\t\t\t\t\n<p>Att kl\u00e4 enligt lager p\u00e5 lager-principen inneb\u00e4r att du kl\u00e4r p\u00e5 ditt barn flera tunnare lager, till exempel underst\u00e4ll, vanliga kl\u00e4der, fleecest\u00e4ll och skaloverall. Om det blir f\u00f6r varmt kan pedagogerna enkelt ta av barnet ett lager kl\u00e4der. Under vintern kan det vara sk\u00f6nt att ha ett v\u00e4rmereglerande underst\u00e4ll av ull n\u00e4rmast kroppen.<\/p>\n\t\t\t\t\t\t\t<\/div>\n\t\t\t\t\t\t<\/div>\n\t\t\t\t\t<\/div>\n\t\t\t\t\t\t\t\t\t\t<div class=\"container core-heading\">\n\t\t\t\t\t\t<div class=\"row\">\n\t\t\t\t\t\t\t<div class=\"col-12\">\n\t\t\t\t\t\t\t\t\n<h2 class=\"wp-block-heading\">4. Kalla dagar &#8211; m\u00f6ssa och vantar<\/h2>\n\t\t\t\t\t\t\t<\/div>\n\t\t\t\t\t\t<\/div>\n\t\t\t\t\t<\/div>\n\t\t\t\t\t\t\t\t\t\t<div class=\"container core-paragraph\">\n\t\t\t\t\t\t<div class=\"row\">\n\t\t\t\t\t\t\t<div class=\"col-12\">\n\t\t\t\t\t\t\t\t\n<p>Kalla dagar g\u00e4ller det att h\u00e5lla \u00f6ron och fingrar varma. En halskrage f\u00f6rhindrar att kall luft kommer ner i overallen. T\u00e4nk p\u00e5 att temperaturen kan v\u00e4xla under en dag \u2013 \u00e4ven om det ska bli sol fram\u00e5t lunch kan morgnarna och eftermiddagarna vara riktigt kyliga, s\u00e5 ett par extra vantar i fickan \u00e4r alltid bra.<\/p>\n\t\t\t\t\t\t\t<\/div>\n\t\t\t\t\t\t<\/div>\n\t\t\t\t\t<\/div>\n\t\t\t\t\t\t\t\t\t\t<div class=\"container core-heading\">\n\t\t\t\t\t\t<div class=\"row\">\n\t\t\t\t\t\t\t<div class=\"col-12\">\n\t\t\t\t\t\t\t\t\n<h2 class=\"wp-block-heading\">5. Regniga dagar &#8211; regnst\u00e4ll, gummist\u00f6vlar och galonvantar<\/h2>\n\t\t\t\t\t\t\t<\/div>\n\t\t\t\t\t\t<\/div>\n\t\t\t\t\t<\/div>\n\t\t\t\t\t\t\t\t\t\t<div class=\"container core-paragraph\">\n\t\t\t\t\t\t<div class=\"row\">\n\t\t\t\t\t\t\t<div class=\"col-12\">\n\t\t\t\t\t\t\t\t\n<p>Regniga dagar \u00e4r det galonkl\u00e4der och gummist\u00f6vlar som g\u00e4ller, g\u00e4rna fodrade vid lite kallare v\u00e4derlek. Ett ofodrat regnst\u00e4ll \u00e4r smart att dra \u00f6ver den vanliga overallen n\u00e4r det \u00e4r kyligt f\u00f6r att slippa tv\u00e4tta overallen titt som t\u00e4tt. Gl\u00f6m inte galonvantar s\u00e5 att ditt barn kan leka i regnet utan att bli bl\u00f6t och kall om h\u00e4nderna.<\/p>\n\t\t\t\t\t\t\t<\/div>\n\t\t\t\t\t\t<\/div>\n\t\t\t\t\t<\/div>\n\t\t\t\t\t\t\t\t\t\t<div class=\"container core-heading\">\n\t\t\t\t\t\t<div class=\"row\">\n\t\t\t\t\t\t\t<div class=\"col-12\">\n\t\t\t\t\t\t\t\t\n<h2 class=\"wp-block-heading\">6. Skor och plagg som \u00e4r enkla att ta p\u00e5<\/h2>\n\t\t\t\t\t\t\t<\/div>\n\t\t\t\t\t\t<\/div>\n\t\t\t\t\t<\/div>\n\t\t\t\t\t\t\t\t\t\t<div class=\"container core-paragraph\">\n\t\t\t\t\t\t<div class=\"row\">\n\t\t\t\t\t\t\t<div class=\"col-12\">\n\t\t\t\t\t\t\t\t\n<p>P\u00e5 f\u00f6rskolan uppmuntras barnen att bli sj\u00e4lvst\u00e4ndiga. Det \u00e4r h\u00e4rligt att k\u00e4nna att man klarar av saker sj\u00e4lv \u2013 och som vuxen kan du underl\u00e4tta det. Kardborrekn\u00e4ppning g\u00f6r det enkelt f\u00f6r ditt barn att s\u00e4tta p\u00e5 sig skorna p\u00e5 egen hand.<\/p>\n\t\t\t\t\t\t\t<\/div>\n\t\t\t\t\t\t<\/div>\n\t\t\t\t\t<\/div>\n\t\t\t\t\t\t\t\t\t\t<div class=\"container core-heading\">\n\t\t\t\t\t\t<div class=\"row\">\n\t\t\t\t\t\t\t<div class=\"col-12\">\n\t\t\t\t\t\t\t\t\n<h2 class=\"wp-block-heading\">7. Extrakl\u00e4der p\u00e5 f\u00f6rskolans hylla<\/h2>\n\t\t\t\t\t\t\t<\/div>\n\t\t\t\t\t\t<\/div>\n\t\t\t\t\t<\/div>\n\t\t\t\t\t\t\t\t\t\t<div class=\"container core-paragraph\">\n\t\t\t\t\t\t<div class=\"row\">\n\t\t\t\t\t\t\t<div class=\"col-12\">\n\t\t\t\t\t\t\t\t\n<p>Det \u00e4r alltid bra att ha minst en upps\u00e4ttning extrakl\u00e4der p\u00e5 barnets hylla. Ett glas mj\u00f6lk kanske v\u00e4lts ut vid matbordet eller s\u00e5 r\u00e5kar tr\u00f6jan bli bl\u00f6t n\u00e4r man tv\u00e4ttar h\u00e4nderna. Mycket kan h\u00e4nda under en helt vanlig dag p\u00e5 f\u00f6rskolan! Med ett ombyte n\u00e4ra till hands kan leken forts\u00e4tta som vanligt.<\/p>\n\t\t\t\t\t\t\t<\/div>\n\t\t\t\t\t\t<\/div>\n\t\t\t\t\t<\/div>\n\t\t\t\t\t\t\t\t\t\t<div class=\"container core-heading\">\n\t\t\t\t\t\t<div class=\"row\">\n\t\t\t\t\t\t\t<div class=\"col-12\">\n\t\t\t\t\t\t\t\t\n<h2 class=\"wp-block-heading\">8. M\u00e4rk kl\u00e4derna<\/h2>\n\t\t\t\t\t\t\t<\/div>\n\t\t\t\t\t\t<\/div>\n\t\t\t\t\t<\/div>\n\t\t\t\t\t\t\t\t\t\t<div class=\"container core-paragraph\">\n\t\t\t\t\t\t<div class=\"row\">\n\t\t\t\t\t\t\t<div class=\"col-12\">\n\t\t\t\t\t\t\t\t\n<p>Namnm\u00e4rk ditt barns kl\u00e4der \u2013 det g\u00f6r det enklare f\u00f6r b\u00e5de dig och pedagogerna att h\u00e5lla reda p\u00e5 vantar, strumpor och andra plagg som annars l\u00e4tt f\u00f6rv\u00e4xlas eller kommer bort. \u00c4ven nappen och ryggs\u00e4cken kan vara bra att m\u00e4rka upp. Anv\u00e4nd textilpenna eller namnlappar.<\/p>\n\t\t\t\t\t\t\t<\/div>\n\t\t\t\t\t\t<\/div>\n\t\t\t\t\t<\/div>\n\t\t\t\t\t\t\t\t\t\t<div class=\"container core-heading\">\n\t\t\t\t\t\t<div class=\"row\">\n\t\t\t\t\t\t\t<div class=\"col-12\">\n\t\t\t\t\t\t\t\t\n<h2 class=\"wp-block-heading\">9. K\u00f6p slitstarkt &#8211; och g\u00e4rna begagnat<\/h2>\n\t\t\t\t\t\t\t<\/div>\n\t\t\t\t\t\t<\/div>\n\t\t\t\t\t<\/div>\n\t\t\t\t\t\t\t\t\t\t<div class=\"container core-paragraph\">\n\t\t\t\t\t\t<div class=\"row\">\n\t\t\t\t\t\t\t<div class=\"col-12\">\n\t\t\t\t\t\t\t\t\n<p>Det \u00e4r roligare att leka i kl\u00e4der som t\u00e5l skutt, hopp och slitage. Om du inte har lust eller m\u00f6jlighet att l\u00e4gga mycket pengar p\u00e5 kl\u00e4der som kommer att anv\u00e4ndas och tv\u00e4ttas en hel del kan det vara en bra id\u00e9 att k\u00f6pa begagnat. Dessutom g\u00f6r du milj\u00f6n en tj\u00e4nst. N\u00e4r ditt barn har vuxit ur kl\u00e4derna kan du l\u00e4mna dem vidare till ett syskon eller n\u00e5got annat barn p\u00e5 f\u00f6rskolan.<\/p>\n\t\t\t\t\t\t\t<\/div>\n\t\t\t\t\t\t<\/div>\n\t\t\t\t\t<\/div>\n\t\t\t\t\t\t\t\t\t\t<div class=\"container core-heading\">\n\t\t\t\t\t\t<div class=\"row\">\n\t\t\t\t\t\t\t<div class=\"col-12\">\n\t\t\t\t\t\t\t\t\n<h2 class=\"wp-block-heading\">10. Gl\u00f6m inte reflexerna!<\/h2>\n\t\t\t\t\t\t\t<\/div>\n\t\t\t\t\t\t<\/div>\n\t\t\t\t\t<\/div>\n\t\t\t\t\t\t\t\t\t\t<div class=\"container core-paragraph\">\n\t\t\t\t\t\t<div class=\"row\">\n\t\t\t\t\t\t\t<div class=\"col-12\">\n\t\t\t\t\t\t\t\t\n<p>Under h\u00f6sten och vintern blir det m\u00f6rkt tidigt. Se till att ditt barns syns ordentligt under den m\u00f6rka \u00e5rstiden. V\u00e4lj g\u00e4rna jackor, \u00f6verdragsbyxor och overaller med p\u00e5sydda reflexband, eller varf\u00f6r inte en m\u00f6ssa helt i reflekterande material? En egen reflexv\u00e4st som barnet kan b\u00e4ra p\u00e5 v\u00e4g till f\u00f6rskolan p\u00e5 morgonen och sedan ta p\u00e5 vid hemg\u00e5ng \u00e4r en god investering.<\/p>\n\t\t\t\t\t\t\t<\/div>\n\t\t\t\t\t\t<\/div>\n\t\t\t\t\t<\/div>\n\t\t\t\t\t\t<\/div>\n\n\t","protected":false},"excerpt":{"rendered":"","protected":false},"author":5,"featured_media":0,"parent":0,"menu_order":0,"comment_status":"closed","ping_status":"closed","template":"","meta":{"footnotes":""},"yoast_head":"<!-- This site is optimized with the Yoast SEO plugin v22.0 - https:\/\/yoast.com\/wordpress\/plugins\/seo\/ -->\n<title>Agnesberg<\/title>\n<meta name=\"robots\" content=\"index, follow, max-snippet:-1, max-image-preview:large, max-video-preview:-1\" \/>\n<link rel=\"canonical\" href=\"https:\/\/pysslingen.se\/agnesberg\/klader\/\" \/>\n<meta property=\"og:locale\" content=\"sv_SE\" \/>\n<meta property=\"og:type\" content=\"article\" \/>\n<meta property=\"og:url\" content=\"https:\/\/pysslingen.se\/agnesberg\/klader\/\" \/>\n<meta property=\"og:site_name\" content=\"Agnesberg\" \/>\n<meta property=\"article:modified_time\" content=\"2020-10-20T14:57:31+00:00\" \/>\n<meta name=\"twitter:card\" content=\"summary_large_image\" \/>\n<script type=\"application\/ld+json\" class=\"yoast-schema-graph\">{\"@context\":\"https:\/\/schema.org\",\"@graph\":[{\"@type\":\"WebPage\",\"@id\":\"https:\/\/pysslingen.se\/agnesberg\/klader\/\",\"url\":\"https:\/\/pysslingen.se\/agnesberg\/klader\/\",\"name\":\"Kl\u00e4der - Agnesberg\",\"isPartOf\":{\"@id\":\"https:\/\/pysslingen.se\/agnesberg\/#website\"},\"datePublished\":\"2020-10-20T14:57:30+00:00\",\"dateModified\":\"2020-10-20T14:57:31+00:00\",\"breadcrumb\":{\"@id\":\"https:\/\/pysslingen.se\/agnesberg\/klader\/#breadcrumb\"},\"inLanguage\":\"sv-SE\",\"potentialAction\":[{\"@type\":\"ReadAction\",\"target\":[\"https:\/\/pysslingen.se\/agnesberg\/klader\/\"]}]},{\"@type\":\"BreadcrumbList\",\"@id\":\"https:\/\/pysslingen.se\/agnesberg\/klader\/#breadcrumb\",\"itemListElement\":[{\"@type\":\"ListItem\",\"position\":1,\"name\":\"Start\",\"item\":\"https:\/\/pysslingen.se\/agnesberg\/\"},{\"@type\":\"ListItem\",\"position\":2,\"name\":\"Kl\u00e4der\"}]},{\"@type\":\"WebSite\",\"@id\":\"https:\/\/pysslingen.se\/agnesberg\/#website\",\"url\":\"https:\/\/pysslingen.se\/agnesberg\/\",\"name\":\"Agnesberg\",\"description\":\"En trygg och stimulerande v\u00e4rld\",\"publisher\":{\"@id\":\"https:\/\/pysslingen.se\/agnesberg\/#organization\"},\"potentialAction\":[{\"@type\":\"SearchAction\",\"target\":{\"@type\":\"EntryPoint\",\"urlTemplate\":\"https:\/\/pysslingen.se\/agnesberg\/?s={search_term_string}\"},\"query-input\":\"required name=search_term_string\"}],\"inLanguage\":\"sv-SE\"},{\"@type\":\"Organization\",\"@id\":\"https:\/\/pysslingen.se\/agnesberg\/#organization\",\"name\":\"Pysslingen F\u00f6rskolor\",\"url\":\"https:\/\/pysslingen.se\/agnesberg\/\",\"logo\":{\"@type\":\"ImageObject\",\"inLanguage\":\"sv-SE\",\"@id\":\"https:\/\/pysslingen.se\/agnesberg\/#\/schema\/logo\/image\/\",\"url\":\"https:\/\/pysslingen.se\/wp-content\/uploads\/2021\/05\/pysslingen-forskolor.png\",\"contentUrl\":\"https:\/\/pysslingen.se\/wp-content\/uploads\/2021\/05\/pysslingen-forskolor.png\",\"width\":1120,\"height\":630,\"caption\":\"Pysslingen F\u00f6rskolor\"},\"image\":{\"@id\":\"https:\/\/pysslingen.se\/agnesberg\/#\/schema\/logo\/image\/\"}}]}<\/script>\n<!-- \/ Yoast SEO plugin. -->","yoast_head_json":{"title":"Agnesberg","robots":{"index":"index","follow":"follow","max-snippet":"max-snippet:-1","max-image-preview":"max-image-preview:large","max-video-preview":"max-video-preview:-1"},"canonical":"https:\/\/pysslingen.se\/agnesberg\/klader\/","og_locale":"sv_SE","og_type":"article","og_url":"https:\/\/pysslingen.se\/agnesberg\/klader\/","og_site_name":"Agnesberg","article_modified_time":"2020-10-20T14:57:31+00:00","twitter_card":"summary_large_image","schema":{"@context":"https:\/\/schema.org","@graph":[{"@type":"WebPage","@id":"https:\/\/pysslingen.se\/agnesberg\/klader\/","url":"https:\/\/pysslingen.se\/agnesberg\/klader\/","name":"Kl\u00e4der - Agnesberg","isPartOf":{"@id":"https:\/\/pysslingen.se\/agnesberg\/#website"},"datePublished":"2020-10-20T14:57:30+00:00","dateModified":"2020-10-20T14:57:31+00:00","breadcrumb":{"@id":"https:\/\/pysslingen.se\/agnesberg\/klader\/#breadcrumb"},"inLanguage":"sv-SE","potentialAction":[{"@type":"ReadAction","target":["https:\/\/pysslingen.se\/agnesberg\/klader\/"]}]},{"@type":"BreadcrumbList","@id":"https:\/\/pysslingen.se\/agnesberg\/klader\/#breadcrumb","itemListElement":[{"@type":"ListItem","position":1,"name":"Start","item":"https:\/\/pysslingen.se\/agnesberg\/"},{"@type":"ListItem","position":2,"name":"Kl\u00e4der"}]},{"@type":"WebSite","@id":"https:\/\/pysslingen.se\/agnesberg\/#website","url":"https:\/\/pysslingen.se\/agnesberg\/","name":"Agnesberg","description":"En trygg och stimulerande v\u00e4rld","publisher":{"@id":"https:\/\/pysslingen.se\/agnesberg\/#organization"},"potentialAction":[{"@type":"SearchAction","target":{"@type":"EntryPoint","urlTemplate":"https:\/\/pysslingen.se\/agnesberg\/?s={search_term_string}"},"query-input":"required name=search_term_string"}],"inLanguage":"sv-SE"},{"@type":"Organization","@id":"https:\/\/pysslingen.se\/agnesberg\/#organization","name":"Pysslingen F\u00f6rskolor","url":"https:\/\/pysslingen.se\/agnesberg\/","logo":{"@type":"ImageObject","inLanguage":"sv-SE","@id":"https:\/\/pysslingen.se\/agnesberg\/#\/schema\/logo\/image\/","url":"https:\/\/pysslingen.se\/wp-content\/uploads\/2021\/05\/pysslingen-forskolor.png","contentUrl":"https:\/\/pysslingen.se\/wp-content\/uploads\/2021\/05\/pysslingen-forskolor.png","width":1120,"height":630,"caption":"Pysslingen F\u00f6rskolor"},"image":{"@id":"https:\/\/pysslingen.se\/agnesberg\/#\/schema\/logo\/image\/"}}]}},"_links":{"self":[{"href":"https:\/\/pysslingen.se\/agnesberg\/wp-json\/wp\/v2\/pages\/545"}],"collection":[{"href":"https:\/\/pysslingen.se\/agnesberg\/wp-json\/wp\/v2\/pages"}],"about":[{"href":"https:\/\/pysslingen.se\/agnesberg\/wp-json\/wp\/v2\/types\/page"}],"author":[{"embeddable":true,"href":"https:\/\/pysslingen.se\/agnesberg\/wp-json\/wp\/v2\/users\/5"}],"replies":[{"embeddable":true,"href":"https:\/\/pysslingen.se\/agnesberg\/wp-json\/wp\/v2\/comments?post=545"}],"version-history":[{"count":1,"href":"https:\/\/pysslingen.se\/agnesberg\/wp-json\/wp\/v2\/pages\/545\/revisions"}],"predecessor-version":[{"id":546,"href":"https:\/\/pysslingen.se\/agnesberg\/wp-json\/wp\/v2\/pages\/545\/revisions\/546"}],"wp:attachment":[{"href":"https:\/\/pysslingen.se\/agnesberg\/wp-json\/wp\/v2\/media?parent=545"}],"curies":[{"name":"wp","href":"https:\/\/api.w.org\/{rel}","templated":true}]}}